{"id":5157,"date":"2021-01-30T19:30:03","date_gmt":"2021-01-30T18:30:03","guid":{"rendered":"https:\/\/thebridgecenter.net\/?page_id=5157"},"modified":"2026-01-31T18:49:02","modified_gmt":"2026-01-31T17:49:02","slug":"my-journey","status":"publish","type":"page","link":"https:\/\/thebridgecenter.net\/es\/my-journey\/","title":{"rendered":"Mi camino"},"content":{"rendered":"<div class=\"gb-container gb-container-3a5df124\">\n<div class=\"gb-container gb-container-09247fff\">\n<div class=\"gb-grid-wrapper gb-grid-wrapper-e89369fa\">\n<div class=\"gb-grid-column gb-grid-column-699c1d45\"><div class=\"gb-container gb-container-699c1d45 column-shadow\">\n\n<figure class=\"gb-block-image gb-block-image-e86bb731\"><img loading=\"lazy\" decoding=\"async\" width=\"40\" height=\"40\" class=\"gb-image gb-image-e86bb731\" src=\"https:\/\/thebridgecenter.net\/wp-content\/uploads\/2023\/12\/big-diamond40x40-free-img2.png\" alt=\"\" title=\"big-diamond40x40-free-img2\"\/><\/figure>\n\n\n\n<h4 class=\"gb-headline gb-headline-d534b34a gb-headline-text\">Misi\u00f3n<\/h4>\n\n\n\n<p class=\"has-text-align-left\">Empoderar a mujeres emprendedoras y profesionales con trastornos tiroideos<strong> <\/strong>mediante la promoci\u00f3n de un enfoque hol\u00edstico de <em>slow living<\/em>, arraigado en diversas tradiciones y culturas ancestrales. Nuestro objetivo es ayudarles a dise\u00f1ar y crear la vida de sus sue\u00f1os y a cultivar su bienestar a pesar de los desaf\u00edos inevitables que presenta su condici\u00f3n.<\/p>\n\n\n<div class=\"gb-container gb-container-fdbb984a\"><\/div>\n<\/div><\/div>\n\n<div class=\"gb-grid-column gb-grid-column-cbd9068d\"><div class=\"gb-container gb-container-cbd9068d column-shadow\">\n\n<figure class=\"gb-block-image gb-block-image-cc2bfef2\"><img loading=\"lazy\" decoding=\"async\" width=\"40\" height=\"40\" class=\"gb-image gb-image-cc2bfef2\" src=\"https:\/\/thebridgecenter.net\/wp-content\/uploads\/2023\/12\/sight40x40-free-img2.png\" alt=\"\" title=\"sight40x40-free-img2\"\/><\/figure>\n\n\n\n<h4 class=\"gb-headline gb-headline-06c8a4fe gb-headline-text\">Visi\u00f3n<\/h4>\n\n\n\n<p class=\"has-text-align-left\"><strong>The Bridge Center<\/strong> es el destino principal y el recurso de confianza para mujeres emprendedoras y profesionales con patolog\u00edas tiroideas. A trav\u00e9s de nuestra amplia gama de programas, clases de qi gong, talleres, retiros y una comunidad solidaria, aspiramos a empoderar a estas mujeres para que prosperen en todos los aspectos de su bienestar, vida personal y profesional, desbloqueando su m\u00e1ximo potencial.<\/p>\n\n\n\n<p class=\"has-text-align-left\">Nos comprometemos a ser el catalizador de su transformaci\u00f3n y bienestar, haciendo posible que florezcan a pesar de los desaf\u00edos que impone su condici\u00f3n.<\/p>\n\n\n<div class=\"gb-container gb-container-e46aab5c\"><\/div>\n<\/div><\/div>\n\n<div class=\"gb-grid-column gb-grid-column-9fcd033f\"><div class=\"gb-container gb-container-9fcd033f column-shadow\">\n\n<figure class=\"gb-block-image gb-block-image-67438324\"><img loading=\"lazy\" decoding=\"async\" width=\"40\" height=\"40\" class=\"gb-image gb-image-67438324\" src=\"https:\/\/thebridgecenter.net\/wp-content\/uploads\/2023\/12\/gift40x40-free-img2.png\" alt=\"\" title=\"gift40x40-free-img2\"\/><\/figure>\n\n\n\n<h4 class=\"gb-headline gb-headline-2cda7332 gb-headline-text\">Valores<\/h4>\n\n\n\n<p class=\"has-text-align-left\">En <strong>The Bridge Center<\/strong> creemos que los valores tienen un gran impacto en nuestro mundo interior y se reflejan en todo lo que hacemos, tanto en la vida como en los negocios. Por eso, nos aseguramos de que todos nuestros programas, proyectos y productos est\u00e9n fundamentados en nuestros valores esenciales, los cuales tambi\u00e9n son compartidos por todas las profesionales, docentes y colaboradoras que forman parte de nuestra comunidad:<\/p>\n\n\n\n<p><strong>slow living<\/strong>, bioindividualidad, libertad, amor, integridad, inclusi\u00f3n, intenci\u00f3n, conciencia, vocaci\u00f3n de servicio, autenticidad, espiritualidad, gratitud, veracidad, responsabilidad, curiosidad, alegr\u00eda, lealtad, compartir, valent\u00eda y transparencia.<\/p>\n\n\n\n<p class=\"has-text-align-left\">Estos valores son el coraz\u00f3n de todo lo que creamos y ofrecemos.<\/p>\n\n\n<div class=\"gb-container gb-container-effc3b8b\"><\/div>\n<\/div><\/div>\n<\/div>\n<\/div>\n<\/div>\n\n<div class=\"gb-container gb-container-5deb5034\">\n<div class=\"gb-container gb-container-1745ed13\">\n<div class=\"gb-grid-wrapper gb-grid-wrapper-e1dc665b\">\n<div class=\"gb-grid-column gb-grid-column-15509c86\"><div class=\"gb-container gb-container-15509c86\"><div class=\"gb-inside-container\">\n\n<h2 class=\"gb-headline gb-headline-39e25962 gb-headline-text\">Bienvenida a TheBridgeCenter.net<\/h2>\n\n\n\n<p>Hola, soy Paola Devescovi,  ayudo a las mujeres con problemas de tiroides a recuperar su energ\u00eda, dormir mejor y despertarse descansadas, perder peso y volver a sentirse bien con su cuerpo, sin depender exclusivamente de los medicamentos.<\/p>\n\n<\/div><\/div><\/div>\n\n<div class=\"gb-grid-column gb-grid-column-e9732a3e\"><div class=\"gb-container gb-container-e9732a3e\"><div class=\"gb-inside-container\">\n\n<figure class=\"gb-block-image gb-block-image-bca45bf7\"><img loading=\"lazy\" decoding=\"async\" width=\"1000\" height=\"971\" class=\"gb-image gb-image-bca45bf7\" src=\"https:\/\/thebridgecenter.net\/wp-content\/uploads\/2025\/07\/WhatsApp-Image-2025-07-11-at-17.45.53.jpeg\" alt=\"\" title=\"WhatsApp Image 2025-07-11 at 17.45.53\" srcset=\"https:\/\/thebridgecenter.net\/wp-content\/uploads\/2025\/07\/WhatsApp-Image-2025-07-11-at-17.45.53.jpeg 1000w, https:\/\/thebridgecenter.net\/wp-content\/uploads\/2025\/07\/WhatsApp-Image-2025-07-11-at-17.45.53-300x291.jpeg 300w, https:\/\/thebridgecenter.net\/wp-content\/uploads\/2025\/07\/WhatsApp-Image-2025-07-11-at-17.45.53-768x746.jpeg 768w\" sizes=\"auto, (max-width: 1000px) 100vw, 1000px\" \/><\/figure>\n\n<\/div><\/div><\/div>\n<\/div>\n<\/div>\n<\/div>\n\n<div class=\"gb-container gb-container-8fce13cb\">\n<div class=\"gb-grid-wrapper gb-grid-wrapper-6edb5de7\">\n<div class=\"gb-grid-column gb-grid-column-dcd1a6e7\"><div class=\"gb-container gb-container-dcd1a6e7\">\n\n<h2 class=\"gb-headline gb-headline-4c40fa39 gb-headline-text\">Mi camino profesional y con la autoimunidad <\/h2>\n\n\n\n<p>Soy Coach de Salud Integrativa, Maestra de Reiki, profesora certificada de Qi Gong y emprendedora digital. Fund\u00e9 <em>The Bridge \u2013 Center of Transformation<\/em> para acompa\u00f1ar a mujeres profesionales y emprendedoras con trastornos tiroideos hacia un estilo de vida m\u00e1s consciente, vital y alineado con su verdadera esencia.<br><br>Como alguien que ha lidiado con la <strong>tiroiditis de Hashimoto<\/strong> durante al menos 27 a\u00f1os (15 desde el diagn\u00f3stico), entiendo profundamente el impacto que esta condici\u00f3n puede tener en la vida de una persona. Mi recorrido con Hashimoto no fue f\u00e1cil: estuvo marcado por a\u00f1os de fatiga, niebla mental y problemas persistentes de peso que parec\u00edan imposibles de superar. Antes de recibir el diagn\u00f3stico, consult\u00e9 a varios m\u00e9dicos, pero con frecuencia mis s\u00edntomas eran atribuidos a las secuelas naturales de dos embarazos y al hecho de ser madre de dos ni\u00f1os peque\u00f1os, especialmente porque mi esposo viajaba mucho y la mayor parte de las responsabilidades reca\u00eda sobre m\u00ed.<\/p>\n\n\n\n<p>No fue hasta que finalmente me diagnosticaron <strong>tiroiditis de Hashimoto<\/strong> que empec\u00e9 a conectar los puntos entre mis problemas de salud y esta condici\u00f3n autoinmune. Descubr\u00ed que Hashimoto puede ser el desencadenante oculto de otros problemas de salud inesperados. En mi caso, un episodio severo de hipertensi\u00f3n en 2020 y, m\u00e1s recientemente, problemas digestivos, surgieron como compa\u00f1eros inesperados en mi camino.<\/p>\n\n\n\n<p>En un momento crucial de mi vida \u2014ya certificada como Life Coach\u2014 sent\u00ed la necesidad profunda de ir m\u00e1s all\u00e1 del trabajo mental y comprender realmente el lenguaje de mi cuerpo. Vivir con tiroiditis de Hashimoto se convirti\u00f3 tanto en un desaf\u00edo como en una maestra, gui\u00e1ndome hacia un enfoque m\u00e1s integral de la salud y el bienestar. Esto me llev\u00f3 a estudiar en el <strong><a href=\"https:\/\/www.integrativenutrition.com\/the-health-coach-training-program\">Institute for Integrative Nutrition<\/a><\/strong>, donde me certifiqu\u00e9 como <strong>Integrative Health Coach<\/strong> y comenc\u00e9 a descubrir c\u00f3mo la alimentaci\u00f3n, el estilo de vida y el equilibrio emocional pod\u00edan devolverme la vitalidad y la claridad.<\/p>\n\n\n\n<p>Al mismo tiempo, me sumerg\u00ed en las <strong>pr\u00e1cticas de sanaci\u00f3n energ\u00e9tica<\/strong> y descubr\u00ed la profunda sabidur\u00eda del <strong>Qi Gong<\/strong>, una disciplina que me reconect\u00f3 con el flujo natural y la resiliencia de mi cuerpo. Mi camino se complet\u00f3 cuando, bajo la gu\u00eda de un <strong>m\u00e9dico de Medicina Integrada y Medicina Tradicional China<\/strong>, experiment\u00e9 en primera persona c\u00f3mo los principios de esta antigua tradici\u00f3n \u2014basados en el equilibrio, la energ\u00eda y la prevenci\u00f3n\u2014 pod\u00edan transformar no solo mi salud, sino tambi\u00e9n mi forma de vivir.<\/p>\n\n\n\n<p>Como madre soltera de dos adolescentes, he aprendido que la resiliencia no significa resistir, sino armonizarse con los ritmos de la vida. Cada desaf\u00edo y cada peque\u00f1a victoria me han ense\u00f1ado a desacelerar, a escuchar m\u00e1s profundamente y a vivir con intenci\u00f3n.<\/p>\n\n\n\n<p><strong>Mi misi\u00f3n es simple pero profunda:<\/strong> ayudar a las mujeres a nutrir todo su ser \u2014cuerpo, mente y esp\u00edritu\u2014 para no solo sobrellevar, sino realmente florecer. Guiada por la sabidur\u00eda de las <strong>tradiciones ancestrales<\/strong> y respaldada por los <strong>avances de la ciencia moderna<\/strong>, acompa\u00f1o a mis clientas a explorar su <strong>bioindividualidad<\/strong>, reconectarse con su sabidur\u00eda interior y crear una vida alineada con sus ritmos naturales y la voz m\u00e1s aut\u00e9ntica de su esp\u00edritu.<\/p>\n\n\n\n<p><strong>Bienvenida a The Bridge Center<\/strong>!  Me emociona recorrer este camino de transformaci\u00f3n contigo y creo firmemente que no hay mejor momento que ahora para reclamar tu poder y vivir una vida plena y vibrante.<\/p>\n\n\n\n<figure class=\"gb-block-image gb-block-image-fff1b22d\"><img loading=\"lazy\" decoding=\"async\" width=\"248\" height=\"56\" class=\"gb-image gb-image-fff1b22d\" src=\"https:\/\/thebridgecenter.net\/wp-content\/uploads\/2023\/12\/BDB30865520C42961310AFEB5E944363.jpg\" alt=\"\" title=\"BDB30865520C42961310AFEB5E944363\"\/><\/figure>\n\n\n<div class=\"gb-grid-wrapper gb-grid-wrapper-c14c5ba3\">\n<div class=\"gb-grid-column gb-grid-column-05bf3b18\"><div class=\"gb-container gb-container-05bf3b18\">\n\n<figure class=\"gb-block-image gb-block-image-da7d361b\"><img loading=\"lazy\" decoding=\"async\" width=\"220\" height=\"250\" class=\"gb-image gb-image-da7d361b\" src=\"https:\/\/thebridgecenter.net\/wp-content\/uploads\/2023\/12\/BreathCoach.png\" alt=\"\" title=\"BreathCoach\"\/><\/figure>\n\n<\/div><\/div>\n\n<div class=\"gb-grid-column gb-grid-column-0e23e07c\"><div class=\"gb-container gb-container-0e23e07c\">\n\n<figure class=\"gb-block-image gb-block-image-8d6b2707\"><img loading=\"lazy\" decoding=\"async\" width=\"150\" height=\"150\" class=\"gb-image gb-image-8d6b2707\" src=\"https:\/\/thebridgecenter.net\/wp-content\/uploads\/2023\/12\/150-RHA-New-Round-Logo.png\" alt=\"\" title=\"150-RHA-New-Round-Logo\" srcset=\"https:\/\/thebridgecenter.net\/wp-content\/uploads\/2023\/12\/150-RHA-New-Round-Logo.png 150w, https:\/\/thebridgecenter.net\/wp-content\/uploads\/2023\/12\/150-RHA-New-Round-Logo-100x100.png 100w\" sizes=\"auto, (max-width: 150px) 100vw, 150px\" \/><\/figure>\n\n<\/div><\/div>\n\n<div class=\"gb-grid-column gb-grid-column-9b5c0943\"><div class=\"gb-container gb-container-9b5c0943\">\n\n<figure class=\"gb-block-image gb-block-image-0bb3f2f0\"><img loading=\"lazy\" decoding=\"async\" width=\"160\" height=\"160\" class=\"gb-image gb-image-0bb3f2f0\" src=\"https:\/\/thebridgecenter.net\/wp-content\/uploads\/2023\/12\/1602586263451.jpeg\" alt=\"\" title=\"1602586263451\" srcset=\"https:\/\/thebridgecenter.net\/wp-content\/uploads\/2023\/12\/1602586263451.jpeg 160w, https:\/\/thebridgecenter.net\/wp-content\/uploads\/2023\/12\/1602586263451-150x150.jpeg 150w, https:\/\/thebridgecenter.net\/wp-content\/uploads\/2023\/12\/1602586263451-100x100.jpeg 100w\" sizes=\"auto, (max-width: 160px) 100vw, 160px\" \/><\/figure>\n\n<\/div><\/div>\n\n<div class=\"gb-grid-column gb-grid-column-9cd35288\"><div class=\"gb-container gb-container-9cd35288\">\n\n<div class=\"wp-block-greenshift-blocks-image gspb_image gspb_image-id-gsbp-7ff7352\" id=\"gspb_image-id-gsbp-7ff7352\"><img decoding=\"async\" src=\"https:\/\/thebridgecenter.net\/wp-content\/uploads\/2025\/09\/Screenshot-2025-09-08-at-15.22.46.jpg\" data-src=\"\" alt=\"Diploma nazionale di istruttore di primo livello di qi gong\" loading=\"lazy\" width=\"746\" height=\"528\"\/><\/div>\n\n<\/div><\/div>\n<\/div>\n<\/div><\/div>\n<\/div>\n<\/div>","protected":false},"excerpt":{"rendered":"","protected":false},"author":2,"featured_media":0,"parent":0,"menu_order":0,"comment_status":"closed","ping_status":"closed","template":"","meta":{"_acf_changed":false,"_gspb_post_css":"#gspb_image-id-gsbp-7b2d4d3 img{vertical-align:top;display:inline-block;box-sizing:border-box;max-width:100%;width:600px;height:auto}#gspb_image-id-gsbp-7b2d4d3{margin-top:0;height:auto}@media (max-width:991.98px){#gspb_image-id-gsbp-7b2d4d3,#gspb_image-id-gsbp-7b2d4d3 img{height:auto}}@media (max-width:767.98px){#gspb_image-id-gsbp-7b2d4d3,#gspb_image-id-gsbp-7b2d4d3 img{height:auto}}@media (max-width:575.98px){#gspb_image-id-gsbp-7b2d4d3,#gspb_image-id-gsbp-7b2d4d3 img{height:auto}}","inline_featured_image":false,"footnotes":""},"class_list":["post-5157","page","type-page","status-publish"],"acf":[],"_links":{"self":[{"href":"https:\/\/thebridgecenter.net\/es\/wp-json\/wp\/v2\/pages\/5157","targetHints":{"allow":["GET"]}}],"collection":[{"href":"https:\/\/thebridgecenter.net\/es\/wp-json\/wp\/v2\/pages"}],"about":[{"href":"https:\/\/thebridgecenter.net\/es\/wp-json\/wp\/v2\/types\/page"}],"author":[{"embeddable":true,"href":"https:\/\/thebridgecenter.net\/es\/wp-json\/wp\/v2\/users\/2"}],"replies":[{"embeddable":true,"href":"https:\/\/thebridgecenter.net\/es\/wp-json\/wp\/v2\/comments?post=5157"}],"version-history":[{"count":6,"href":"https:\/\/thebridgecenter.net\/es\/wp-json\/wp\/v2\/pages\/5157\/revisions"}],"predecessor-version":[{"id":5684,"href":"https:\/\/thebridgecenter.net\/es\/wp-json\/wp\/v2\/pages\/5157\/revisions\/5684"}],"wp:attachment":[{"href":"https:\/\/thebridgecenter.net\/es\/wp-json\/wp\/v2\/media?parent=5157"}],"curies":[{"name":"wp","href":"https:\/\/api.w.org\/{rel}","templated":true}]}}