{"id":5169,"date":"2023-11-22T01:21:32","date_gmt":"2023-11-22T00:21:32","guid":{"rendered":"https:\/\/thebridgecenter.net\/?page_id=5169"},"modified":"2025-10-06T12:38:19","modified_gmt":"2025-10-06T10:38:19","slug":"trabaja-con-paola","status":"publish","type":"page","link":"https:\/\/thebridgecenter.net\/es\/trabaja-con-paola\/","title":{"rendered":"Trabaja con Paola"},"content":{"rendered":"<div class=\"gb-container gb-container-24a6c8c3\">\n<div class=\"gb-container gb-container-14676542\">\n<div class=\"gb-container gb-container-41ff2e56\">\n<div class=\"gb-container gb-container-8b1290a9\">\n<div class=\"gb-grid-wrapper gb-grid-wrapper-7097f3e2\">\n<div class=\"gb-grid-column gb-grid-column-3ea0c8b6\"><div class=\"gb-container gb-container-3ea0c8b6\">\n\n<figure class=\"wp-block-image size-large\"><img loading=\"lazy\" decoding=\"async\" width=\"1024\" height=\"660\" src=\"https:\/\/thebridgecenter.net\/wp-content\/uploads\/2023\/11\/Canva-Tibetan-Singing-Bowls-1024x660.jpg\" alt=\"\" class=\"wp-image-4504\" srcset=\"https:\/\/thebridgecenter.net\/wp-content\/uploads\/2023\/11\/Canva-Tibetan-Singing-Bowls-1024x660.jpg 1024w, https:\/\/thebridgecenter.net\/wp-content\/uploads\/2023\/11\/Canva-Tibetan-Singing-Bowls-300x193.jpg 300w, https:\/\/thebridgecenter.net\/wp-content\/uploads\/2023\/11\/Canva-Tibetan-Singing-Bowls-768x495.jpg 768w, https:\/\/thebridgecenter.net\/wp-content\/uploads\/2023\/11\/Canva-Tibetan-Singing-Bowls-1536x990.jpg 1536w, https:\/\/thebridgecenter.net\/wp-content\/uploads\/2023\/11\/Canva-Tibetan-Singing-Bowls-600x387.jpg 600w, https:\/\/thebridgecenter.net\/wp-content\/uploads\/2023\/11\/Canva-Tibetan-Singing-Bowls.jpg 1676w\" sizes=\"auto, (max-width: 1024px) 100vw, 1024px\" \/><\/figure>\n\n<\/div><\/div>\n\n<div class=\"gb-grid-column gb-grid-column-279d5d63\"><div class=\"gb-container gb-container-279d5d63\">\n\n<p><\/p>\n\n\n\n<p>Cada camino es \u00fanico\u2014igual que t\u00fa. Por eso, creo que todo debe comenzar con una conversaci\u00f3n real y cercana.<\/p>\n\n\n\n<p>Si est\u00e1s lidiando con los desaf\u00edos del Hashimoto, buscas reducir el estr\u00e9s o simplemente deseas m\u00e1s equilibrio y energ\u00eda en tu vida, aqu\u00ed tienes un espacio pensado para ti.<\/p>\n\n\n\n<p><\/p>\n\n<\/div><\/div>\n<\/div>\n<\/div>\n<\/div>\n<\/div>\n<\/div>\n\n\n<h3 class=\"wp-block-heading\" id=\"descubre-como-podemos-trabajar-juntas\">\u2728 Descubre c\u00f3mo podemos trabajar juntas<\/h3>\n\n\n\n<p>Puedes unirte a:<\/p>\n\n\n\n<ul class=\"wp-block-list\">\n<li><strong>Clases grupales de Qigong<\/strong> \u2013 Para reconectar suavemente con tu cuerpo, tu respiraci\u00f3n y tu energ\u00eda (por el momento, solo en ingl\u00e9s e italiano. Con 4 personas podemos abrir una clase en espa\u00f1ol, contact\u00e1ndome a este correo: i<strong>nfo@thebridgecenter.net)<\/strong>.<\/li>\n\n\n\n<li><strong>Programas grupales de coaching<\/strong> \u2013 Dise\u00f1ados especialmente para mujeres con Hashimoto y otras condiciones autoinmunes, para apoyar cambios de estilo de vida sostenibles, acompa\u00f1adas por una comunidad.<\/li>\n<\/ul>\n\n\n\n<p>Consulta m\u00e1s informaci\u00f3n en las p\u00e1ginas dedicadas.<\/p>\n\n\n\n<h3 class=\"wp-block-heading\" id=\"prefieres-un-acompanamiento-mas-personal\">\ud83d\udcab \u00bfPrefieres un acompa\u00f1amiento m\u00e1s personal?<\/h3>\n\n\n\n<p>Tambi\u00e9n ofrezco:<\/p>\n\n\n\n<ul class=\"wp-block-list\">\n<li><strong>Clases individuales de Qigong<\/strong> \u2013 Adaptadas a tu ritmo, tu energ\u00eda y tus necesidades.<\/li>\n\n\n\n<li><strong>Sesiones de coaching individual<\/strong> \u2013 Un espacio profundo y personalizado para acompa\u00f1arte a lograr bienestar y claridad.<\/li>\n<\/ul>\n\n\n\n<p>Como creo firmemente que cada persona tiene necesidades distintas, te invito a <strong>reservar una sesi\u00f3n gratuita<\/strong> para charlar. Es un momento sin compromiso, en el que podremos conocernos y ver cu\u00e1l es la mejor opci\u00f3n para ti.<\/p>\n\n\n\n<p>\ud83d\udc49<a href=\"https:\/\/learn.thebridgecenter.net\/appointments\"> <strong>Haz clic aqu\u00ed para agendar tu cita<\/strong><\/a><\/p>\n\n\n\n<p>Ser\u00e1 un placer conocerte pronto.<\/p>\n","protected":false},"excerpt":{"rendered":"<p>\u2728 Descubre c\u00f3mo podemos trabajar juntas Puedes unirte a: Consulta m\u00e1s informaci\u00f3n en las p\u00e1ginas dedicadas. \ud83d\udcab \u00bfPrefieres un acompa\u00f1amiento m\u00e1s personal? &#8230; <a title=\"Trabaja con Paola\" class=\"read-more\" href=\"https:\/\/thebridgecenter.net\/es\/trabaja-con-paola\/\" aria-label=\"Leer m\u00e1s sobre Trabaja con Paola\">Leer m\u00e1s<\/a><\/p>\n","protected":false},"author":2,"featured_media":0,"parent":0,"menu_order":0,"comment_status":"closed","ping_status":"closed","template":"","meta":{"_acf_changed":false,"_gspb_post_css":"","inline_featured_image":false,"footnotes":""},"class_list":["post-5169","page","type-page","status-publish"],"acf":[],"_links":{"self":[{"href":"https:\/\/thebridgecenter.net\/es\/wp-json\/wp\/v2\/pages\/5169","targetHints":{"allow":["GET"]}}],"collection":[{"href":"https:\/\/thebridgecenter.net\/es\/wp-json\/wp\/v2\/pages"}],"about":[{"href":"https:\/\/thebridgecenter.net\/es\/wp-json\/wp\/v2\/types\/page"}],"author":[{"embeddable":true,"href":"https:\/\/thebridgecenter.net\/es\/wp-json\/wp\/v2\/users\/2"}],"replies":[{"embeddable":true,"href":"https:\/\/thebridgecenter.net\/es\/wp-json\/wp\/v2\/comments?post=5169"}],"version-history":[{"count":2,"href":"https:\/\/thebridgecenter.net\/es\/wp-json\/wp\/v2\/pages\/5169\/revisions"}],"predecessor-version":[{"id":5434,"href":"https:\/\/thebridgecenter.net\/es\/wp-json\/wp\/v2\/pages\/5169\/revisions\/5434"}],"wp:attachment":[{"href":"https:\/\/thebridgecenter.net\/es\/wp-json\/wp\/v2\/media?parent=5169"}],"curies":[{"name":"wp","href":"https:\/\/api.w.org\/{rel}","templated":true}]}}