{"id":5176,"date":"2023-11-22T01:22:09","date_gmt":"2023-11-22T00:22:09","guid":{"rendered":"https:\/\/thebridgecenter.net\/?page_id=5176"},"modified":"2025-08-07T14:58:29","modified_gmt":"2025-08-07T12:58:29","slug":"tienda","status":"publish","type":"page","link":"https:\/\/thebridgecenter.net\/es\/tienda\/","title":{"rendered":"Tienda"},"content":{"rendered":"<div class=\"gb-container gb-container-cce11c4f\">\n<div class=\"gb-container gb-container-65f22926\"><\/div>\n<\/div>\n\n\n<p><\/p>\n\n\n\n<h3 class=\"wp-block-heading\" id=\"bienvenida-o-a-la-tienda-de-the-bridge-center\">Bienvenida\/o a la Tienda de The Bridge Center \ud83d\udecd\ufe0f<\/h3>\n\n\n\n<p>Aqu\u00ed encontrar\u00e1s recursos y herramientas dise\u00f1adas para acompa\u00f1arte en tu camino hacia un estilo de vida m\u00e1s lento, consciente e intencional\u2014especialmente si convives con una condici\u00f3n autoinmune como la tiroiditis de Hashimoto.<\/p>\n\n\n\n<p>\ud83d\udcda <strong>\u00bfBuscas nuestras publicaciones?<\/strong><br>Visita la p\u00e1gina de <strong><a href=\"https:\/\/thebridgecenter.net\/es\/libros\/\">Libros<\/a><\/strong> y descubre t\u00edtulos pensados para inspirarte y apoyarte en tu proceso de transformaci\u00f3n y bienestar.<\/p>\n\n\n\n<p>\ud83c\udf3f <strong>\u00bfTe gustar\u00eda participar en un taller o evento especial?<\/strong><br>Entra en la secci\u00f3n de <strong><a href=\"https:\/\/thebridgecenter.net\/es\/tienda\/talleres\/\">Talleres<\/a><\/strong> y explora los pr\u00f3ximos encuentros en los que podr\u00e1s aprender, practicar e implementar cambios reales en compa\u00f1\u00eda de una comunidad que te entiende.<\/p>\n\n\n\n<p>\ud83d\udcab <strong>\u00bfInteresada\/o en nuestras clases de Qigong?<\/strong><br>Dir\u00edgete a la p\u00e1gina del <strong><a class=\"\" href=\"#\">Calendario<\/a><\/strong> para ver todas las clases disponibles. Puedes reservar tu plaza directamente desde all\u00ed o escribirme a <strong><a>info@thebridgecenter.net<\/a><\/strong> si necesitas m\u00e1s informaci\u00f3n.<\/p>\n\n\n\n<p>Este espacio est\u00e1 en constante crecimiento, as\u00ed que te invito a volver con frecuencia y a <strong>suscribirte a la newsletter<\/strong> para no perderte novedades, lanzamientos y eventos exclusivos.<\/p>\n\n\n\n<p><\/p>\n\n\n\n<p><\/p>\n","protected":false},"excerpt":{"rendered":"<p>Bienvenida\/o a la Tienda de The Bridge Center \ud83d\udecd\ufe0f Aqu\u00ed encontrar\u00e1s recursos y herramientas dise\u00f1adas para acompa\u00f1arte en tu camino hacia un &#8230; <a title=\"Tienda\" class=\"read-more\" href=\"https:\/\/thebridgecenter.net\/es\/tienda\/\" aria-label=\"Leer m\u00e1s sobre Tienda\">Leer m\u00e1s<\/a><\/p>\n","protected":false},"author":2,"featured_media":0,"parent":0,"menu_order":0,"comment_status":"closed","ping_status":"closed","template":"","meta":{"_acf_changed":false,"_gspb_post_css":"#gspb_image-id-gsbp-e129a37 img{vertical-align:top;display:inline-block;box-sizing:border-box;max-width:100%;width:300px;height:custom}#gspb_image-id-gsbp-e129a37{height:custom}","inline_featured_image":false,"footnotes":""},"class_list":["post-5176","page","type-page","status-publish"],"acf":[],"_links":{"self":[{"href":"https:\/\/thebridgecenter.net\/es\/wp-json\/wp\/v2\/pages\/5176","targetHints":{"allow":["GET"]}}],"collection":[{"href":"https:\/\/thebridgecenter.net\/es\/wp-json\/wp\/v2\/pages"}],"about":[{"href":"https:\/\/thebridgecenter.net\/es\/wp-json\/wp\/v2\/types\/page"}],"author":[{"embeddable":true,"href":"https:\/\/thebridgecenter.net\/es\/wp-json\/wp\/v2\/users\/2"}],"replies":[{"embeddable":true,"href":"https:\/\/thebridgecenter.net\/es\/wp-json\/wp\/v2\/comments?post=5176"}],"version-history":[{"count":2,"href":"https:\/\/thebridgecenter.net\/es\/wp-json\/wp\/v2\/pages\/5176\/revisions"}],"predecessor-version":[{"id":5294,"href":"https:\/\/thebridgecenter.net\/es\/wp-json\/wp\/v2\/pages\/5176\/revisions\/5294"}],"wp:attachment":[{"href":"https:\/\/thebridgecenter.net\/es\/wp-json\/wp\/v2\/media?parent=5176"}],"curies":[{"name":"wp","href":"https:\/\/api.w.org\/{rel}","templated":true}]}}