{"id":5179,"date":"2023-11-21T09:14:59","date_gmt":"2023-11-21T08:14:59","guid":{"rendered":"https:\/\/thebridgecenter.net\/?page_id=5179"},"modified":"2025-07-30T18:10:49","modified_gmt":"2025-07-30T16:10:49","slug":"talleres","status":"publish","type":"page","link":"https:\/\/thebridgecenter.net\/es\/tienda\/talleres\/","title":{"rendered":"Talleres"},"content":{"rendered":"<div class=\"gb-container gb-container-92aadfdf\" id=\"workshop1\">\n<div class=\"gb-container gb-container-ba5ed7ad\">\n<div class=\"gb-grid-wrapper gb-grid-wrapper-8b521afe\">\n<div class=\"gb-grid-column gb-grid-column-d3ef9676\"><div class=\"gb-container gb-container-d3ef9676\">\n\n<figure class=\"gb-block-image gb-block-image-b4eb5fc8\"><img loading=\"lazy\" decoding=\"async\" width=\"501\" height=\"183\" class=\"gb-image gb-image-b4eb5fc8\" src=\"https:\/\/thebridgecenter.net\/wp-content\/uploads\/2023\/11\/reconnect-resized-500.jpg\" alt=\"\" title=\"reconnect-resized-500\" srcset=\"https:\/\/thebridgecenter.net\/wp-content\/uploads\/2023\/11\/reconnect-resized-500.jpg 501w, https:\/\/thebridgecenter.net\/wp-content\/uploads\/2023\/11\/reconnect-resized-500-300x110.jpg 300w\" sizes=\"auto, (max-width: 501px) 100vw, 501px\" \/><\/figure>\n\n<\/div><\/div>\n\n<div class=\"gb-grid-column gb-grid-column-847c2e69\"><div class=\"gb-container gb-container-847c2e69\">\n\n<h1 class=\"gb-headline gb-headline-c579e495\"><span class=\"gb-icon\"><svg aria-hidden=\"true\" role=\"img\" height=\"1em\" width=\"1em\" viewBox=\"0 0 512 512\" xmlns=\"http:\/\/www.w3.org\/2000\/svg\"><path fill=\"currentColor\" d=\"M256 8C119 8 8 119 8 256s111 248 248 248 248-111 248-248S393 8 256 8z\"><\/path><\/svg><\/span><span class=\"gb-headline-text\"><strong>Reconnect with your body and soul<\/strong> (en ingl\u00e9s)<\/span><\/h1>\n\n\n\n<h3 class=\"gb-headline gb-headline-8b54f76d gb-headline-text\"><strong>T\u00e9cnicas que puedes usar a diario para recibir la sabidur\u00eda de tu cuerpo y de tu alma<\/strong><br><\/h3>\n\n\n\n<p>Este taller te ayudar\u00e1 a <strong>recrear la conexi\u00f3n con tu cuerpo y tu alma<\/strong>.<br>Cuando esta conexi\u00f3n est\u00e1 presente y activa, nos sentimos m\u00e1s enraizadas y alineadas, y como resultado, tenemos m\u00e1s enfoque, m\u00e1s energ\u00eda y menos estr\u00e9s. Ganamos claridad mental y tomamos mejores decisiones. La vida fluye con mayor facilidad, los problemas se enfrentan con una actitud m\u00e1s positiva, dormimos mejor y adoptamos una visi\u00f3n m\u00e1s optimista.<\/p>\n\n\n\n<p>Precio: \u20ac 35 (IVA incluido, cuando corresponda)<\/p>\n\n<\/div><\/div>\n<\/div>\n<\/div>\n<div class=\"gb-shapes\"><div class=\"gb-shape gb-shape-1\"><svg xmlns=\"http:\/\/www.w3.org\/2000\/svg\" viewBox=\"0 0 1200 131\" preserveAspectRatio=\"none\"><path d=\"M1200 131H0V40l154.8 50L410 35l277 69L899 0l301 110z\"\/><\/svg><\/div><\/div><\/div>\n\n<div class=\"gb-container gb-container-301fdaa8\"><\/div>\n\n<div class=\"gb-container gb-container-47c4bf84\">\n<div class=\"gb-container gb-container-6453c58d\"><\/div>\n<\/div>","protected":false},"excerpt":{"rendered":"","protected":false},"author":2,"featured_media":0,"parent":5176,"menu_order":0,"comment_status":"closed","ping_status":"closed","template":"","meta":{"_acf_changed":false,"_gspb_post_css":"","inline_featured_image":false,"footnotes":""},"class_list":["post-5179","page","type-page","status-publish"],"acf":[],"_links":{"self":[{"href":"https:\/\/thebridgecenter.net\/es\/wp-json\/wp\/v2\/pages\/5179","targetHints":{"allow":["GET"]}}],"collection":[{"href":"https:\/\/thebridgecenter.net\/es\/wp-json\/wp\/v2\/pages"}],"about":[{"href":"https:\/\/thebridgecenter.net\/es\/wp-json\/wp\/v2\/types\/page"}],"author":[{"embeddable":true,"href":"https:\/\/thebridgecenter.net\/es\/wp-json\/wp\/v2\/users\/2"}],"replies":[{"embeddable":true,"href":"https:\/\/thebridgecenter.net\/es\/wp-json\/wp\/v2\/comments?post=5179"}],"version-history":[{"count":2,"href":"https:\/\/thebridgecenter.net\/es\/wp-json\/wp\/v2\/pages\/5179\/revisions"}],"predecessor-version":[{"id":5259,"href":"https:\/\/thebridgecenter.net\/es\/wp-json\/wp\/v2\/pages\/5179\/revisions\/5259"}],"up":[{"embeddable":true,"href":"https:\/\/thebridgecenter.net\/es\/wp-json\/wp\/v2\/pages\/5176"}],"wp:attachment":[{"href":"https:\/\/thebridgecenter.net\/es\/wp-json\/wp\/v2\/media?parent=5179"}],"curies":[{"name":"wp","href":"https:\/\/api.w.org\/{rel}","templated":true}]}}