{"id":5217,"date":"2023-12-06T10:19:59","date_gmt":"2023-12-06T09:19:59","guid":{"rendered":"https:\/\/thebridgecenter.net\/?page_id=5217"},"modified":"2025-10-06T12:41:02","modified_gmt":"2025-10-06T10:41:02","slug":"integrative-health-coaching","status":"publish","type":"page","link":"https:\/\/thebridgecenter.net\/es\/trabaja-con-paola\/integrative-health-coaching\/","title":{"rendered":"Coaching de Salud Integrativa"},"content":{"rendered":"<div class=\"gb-container gb-container-24a6c8c3\">\n<div class=\"gb-container gb-container-14676542\">\n\n<h2 class=\"gb-headline gb-headline-bb6e6b97 gb-headline-text\"><\/h2>\n\n\n<div class=\"gb-container gb-container-41ff2e56\">\n<div class=\"gb-container gb-container-8b1290a9\">\n<div class=\"gb-grid-wrapper gb-grid-wrapper-7097f3e2\">\n<div class=\"gb-grid-column gb-grid-column-3ea0c8b6\"><div class=\"gb-container gb-container-3ea0c8b6\">\n\n<figure class=\"wp-block-image size-full\"><img loading=\"lazy\" decoding=\"async\" width=\"1000\" height=\"666\" src=\"https:\/\/thebridgecenter.net\/wp-content\/uploads\/2023\/12\/121-business-coaching-1280.jpg\" alt=\"\" class=\"wp-image-4576\" srcset=\"https:\/\/thebridgecenter.net\/wp-content\/uploads\/2023\/12\/121-business-coaching-1280.jpg 1000w, https:\/\/thebridgecenter.net\/wp-content\/uploads\/2023\/12\/121-business-coaching-1280-300x200.jpg 300w, https:\/\/thebridgecenter.net\/wp-content\/uploads\/2023\/12\/121-business-coaching-1280-768x511.jpg 768w, https:\/\/thebridgecenter.net\/wp-content\/uploads\/2023\/12\/121-business-coaching-1280-600x400.jpg 600w\" sizes=\"auto, (max-width: 1000px) 100vw, 1000px\" \/><\/figure>\n\n<\/div><\/div>\n\n<div class=\"gb-grid-column gb-grid-column-279d5d63\"><div class=\"gb-container gb-container-279d5d63\">\n\n<p>Mi enfoque del coaching es todo menos convencional. Integro el poder de la ciencia, <strong>t\u00e9cnicas de coaching<\/strong> de vanguardia, <strong>pr\u00e1cticas energ\u00e9ticas hol\u00edsticas<\/strong>, <strong>qi gong<\/strong> y los principios del <strong>slow living<\/strong> para ayudar a mujeres que viven con enfermedades autoinmunes y los efectos que estas tienen en su vida personal y profesional.<\/p>\n\n\n\n<p><strong>Comprender tu condici\u00f3n:<\/strong> las enfermedades autoinmunes a menudo se diagnostican tarde en la vida, afectando el bienestar de la mujer y generando desaf\u00edos como la niebla mental y el cansancio persistente. Te ayudar\u00e9 a comprender tu enfermedad, cuyos s\u00edntomas e implicaciones muchas veces no te explican los m\u00e9dicos..<\/p>\n\n<\/div><\/div>\n<\/div>\n<\/div>\n<\/div>\n\n\n<p><strong>Un Enfoque Hol\u00edstico:<\/strong> Mi enfoque combina el <strong>coaching de salud integrativa<\/strong>, centr\u00e1ndose en abordar tu enfermedad autoinmune y sus efectos en tu vida, con los \u00faltimos avances cient\u00edficos, junto con <strong>t\u00e9cnicas mente-cuerpo y energ\u00e9ticas<\/strong> como el <strong>Qi Gong<\/strong>, <strong>E.F.T.<\/strong>, y la <strong>meditaci\u00f3n<\/strong>, para ayudarte a realizar los cambios de estilo de vida necesarios que te permitan reducir el estr\u00e9s y anticiparte a los desencadenantes del mismo, una de las principales causas del empeoramiento de los s\u00edntomas o del desarrollo de otras afecciones relacionadas con enfermedades autoinmunes.<\/p>\n\n\n<div class=\"gb-container gb-container-c7ce6fc4\">\n\n<p><strong>Transformaci\u00f3n Guiada:<\/strong> Como tu coach, trabajar\u00e9 contigo para crear un programa personalizado dise\u00f1ado para ayudarte a sentirte bien, a pesar de tu condici\u00f3n. Definiremos pasos claros e identificaremos en conjunto las <strong>estrategias m\u00e1s efectivas<\/strong>, <strong>elecciones alimentarias<\/strong> y <strong>cambios en el estilo de vida <\/strong>para mejorar tu <strong>bienestar<\/strong>.<\/p>\n\n\n\n<p><strong>Responsabilidad y Progreso:<\/strong> Tu compromiso y sentido de responsabilidad ser\u00e1n la fuerza impulsora detr\u00e1s de las acciones que te llevar\u00e1n al bienestar que deseas. Puedes esperar una serie de preguntas dise\u00f1adas para identificar los obst\u00e1culos y\/o creencias, tanto internas como externas, que est\u00e1n frenando tu progreso. Juntas, desmantelaremos las creencias limitantes y trazaremos el camino correcto a seguir.<\/p>\n\n\n\n<p><strong>Libera tu Potencial:<\/strong> A lo largo de nuestro proceso de coaching, obtendr\u00e1s una comprensi\u00f3n m\u00e1s profunda de tu enfermedad y de tus fortalezas, lo que te llevar\u00e1 a aumentar tu autoconfianza y mejorar tu resiliencia frente a los desaf\u00edos. La autoconciencia, la autodisciplina, la autocompasi\u00f3n y un enfoque claro en ti misma y en tus prioridades se convertir\u00e1n en algo natural.<\/p>\n\n\n\n<p><strong>Empoderamiento:<\/strong> Con compromiso y pr\u00e1ctica constantes, te dar\u00e1s cuenta de que eres la due\u00f1a de tu vida. Siempre ser\u00e1 necesario que tomes tu medicaci\u00f3n, sin embargo, tambi\u00e9n descubrir\u00e1s tu capacidad para controlar y moldear tus circunstancias con el fin de alcanzar tus metas y sue\u00f1os tanto a nivel de salud como profesional.<\/p>\n\n\n\n<p><strong>Transformaci\u00f3n:<\/strong> El coaching de salud integrativa puede:<\/p>\n\n\n\n<ul class=\"wp-block-list\">\n<li>Empoderar tu negocio o carrera, a pesar de tu condici\u00f3n<\/li>\n\n\n\n<li>Brindar claridad para tomar decisiones importantes sobre tu salud y tu vida profesional<\/li>\n\n\n\n<li>Apoyar cambios saludables en tu estilo de vida<\/li>\n\n\n\n<li>Cultivar una pr\u00e1ctica espiritual significativa<\/li>\n\n\n\n<li>Aliviar el estr\u00e9s<\/li>\n\n\n\n<li>Mejorar tu salud y mucho m\u00e1s<\/li>\n<\/ul>\n\n\n<div class=\"gb-container gb-container-83632390\">\n\n<p><strong>\u00bfLista para dar el primer paso?<br>Reserva hoy una sesi\u00f3n gratuita de coaching de salud integrativa<\/strong> y comienza tu camino hacia el bienestar hol\u00edstico.<\/p>\n\n\n\n<p><strong>Haz clic en el bot\u00f3n de abajo para elegir la fecha que m\u00e1s te convenga:<\/strong><\/p>\n\n\n\n<div class=\"gspb_button_wrapper gspb_button-id-gsbp-d8527e1\" id=\"gspb_button-id-gsbp-d8527e1\"><a class=\"wp-block-greenshift-blocks-buttonbox gspb-buttonbox wp-element-button\" href=\"https:\/\/learn.thebridgecenter.net\/appointments\" target=\"_blank\" rel=\"noopener nofollow\"><span class=\"gspb-buttonbox-textwrap\"><span class=\"gspb-buttonbox-text\"><span class=\"gspb-buttonbox-title\">Quiero reservar una sesi\u00f3n gratuita<\/span><\/span><\/span><\/a><\/div>\n\n<\/div>\n\n\n<p>Las sesiones gratuitas se realizan en l\u00ednea a trav\u00e9s de la <strong>plataforma Zoom<\/strong>, y recibir\u00e1s un enlace para unirte a la sesi\u00f3n una vez realizada la reserva.<\/p>\n\n\n\n<p class=\"has-text-align-center\"><strong>Trabajemos juntas para que puedas prosperar a pesar de Hashimoto.<\/strong><\/p>\n\n<\/div>\n<\/div>\n<\/div>\n\n\n<p><\/p>\n","protected":false},"excerpt":{"rendered":"<p>Un Enfoque Hol\u00edstico: Mi enfoque combina el coaching de salud integrativa, centr\u00e1ndose en abordar tu enfermedad autoinmune y sus efectos en tu &#8230; <a title=\"Coaching de Salud Integrativa\" class=\"read-more\" href=\"https:\/\/thebridgecenter.net\/es\/trabaja-con-paola\/integrative-health-coaching\/\" aria-label=\"Leer m\u00e1s sobre Coaching de Salud Integrativa\">Leer m\u00e1s<\/a><\/p>\n","protected":false},"author":2,"featured_media":0,"parent":5169,"menu_order":0,"comment_status":"closed","ping_status":"closed","template":"","meta":{"_acf_changed":false,"_gspb_post_css":"#gspb_button-id-gsbp-d8527e1{display:flex;justify-content:center}#gspb_button-id-gsbp-d8527e1 .gspb-buttonbox-text{display:flex;flex-direction:column}#gspb_button-id-gsbp-d8527e1>.gspb-buttonbox{box-sizing:border-box;padding:0;background-color:var(--wp--preset--color--accent, var(--accent));width:185px;text-align:center!important}#gspb_button-id-gsbp-d8527e1>.gspb-buttonbox .gsap-g-line{text-align:center!important}","inline_featured_image":false,"footnotes":""},"class_list":["post-5217","page","type-page","status-publish"],"acf":[],"_links":{"self":[{"href":"https:\/\/thebridgecenter.net\/es\/wp-json\/wp\/v2\/pages\/5217","targetHints":{"allow":["GET"]}}],"collection":[{"href":"https:\/\/thebridgecenter.net\/es\/wp-json\/wp\/v2\/pages"}],"about":[{"href":"https:\/\/thebridgecenter.net\/es\/wp-json\/wp\/v2\/types\/page"}],"author":[{"embeddable":true,"href":"https:\/\/thebridgecenter.net\/es\/wp-json\/wp\/v2\/users\/2"}],"replies":[{"embeddable":true,"href":"https:\/\/thebridgecenter.net\/es\/wp-json\/wp\/v2\/comments?post=5217"}],"version-history":[{"count":3,"href":"https:\/\/thebridgecenter.net\/es\/wp-json\/wp\/v2\/pages\/5217\/revisions"}],"predecessor-version":[{"id":5435,"href":"https:\/\/thebridgecenter.net\/es\/wp-json\/wp\/v2\/pages\/5217\/revisions\/5435"}],"up":[{"embeddable":true,"href":"https:\/\/thebridgecenter.net\/es\/wp-json\/wp\/v2\/pages\/5169"}],"wp:attachment":[{"href":"https:\/\/thebridgecenter.net\/es\/wp-json\/wp\/v2\/media?parent=5217"}],"curies":[{"name":"wp","href":"https:\/\/api.w.org\/{rel}","templated":true}]}}