{"id":5224,"date":"2025-05-14T18:07:48","date_gmt":"2025-05-14T16:07:48","guid":{"rendered":"https:\/\/thebridgecenter.net\/?page_id=5224"},"modified":"2025-12-13T17:24:48","modified_gmt":"2025-12-13T16:24:48","slug":"libros","status":"publish","type":"page","link":"https:\/\/thebridgecenter.net\/es\/libros\/","title":{"rendered":"Libros"},"content":{"rendered":"<div class=\"gb-container gb-container-10eefe3b\">\n<div class=\"gb-container gb-container-14a44505\">\n\n<figure class=\"gb-block-image gb-block-image-4c87c9e9\"><img loading=\"lazy\" decoding=\"async\" width=\"625\" height=\"1000\" class=\"gb-image gb-image-4c87c9e9\" src=\"https:\/\/thebridgecenter.net\/wp-content\/uploads\/2025\/05\/take-it-slow-cover-.jpg\" alt=\"take it slow book\" title=\"take it slow book\" srcset=\"https:\/\/thebridgecenter.net\/wp-content\/uploads\/2025\/05\/take-it-slow-cover-.jpg 625w, https:\/\/thebridgecenter.net\/wp-content\/uploads\/2025\/05\/take-it-slow-cover--188x300.jpg 188w, https:\/\/thebridgecenter.net\/wp-content\/uploads\/2025\/05\/take-it-slow-cover--600x960.jpg 600w\" sizes=\"auto, (max-width: 625px) 100vw, 625px\" \/><\/figure>\n\n<\/div>\n\n<div class=\"gb-container gb-container-bbab13d3\">\n<div class=\"gb-container gb-container-94f7ebc5\">\n\n<div class=\"gb-headline gb-headline-eec3a9ae gb-headline-text gbp-section__tagline\">Paola Devescovi<\/div>\n\n\n\n<h2 class=\"gb-headline gb-headline-db19116a gb-headline-text gbp-section__headline\">Take It Slow  <\/h2>\n\n\n\n<p><strong>Take It Slow <\/strong>&#8211; <strong>La revoluci\u00f3n lenta para una conexi\u00f3n m\u00e1s profunda y una vida consciente<\/strong> es una gu\u00eda sincera para todas aquellas personas que quieren vivir con mayor presencia, claridad y serenidad. Combinando experiencias personales, pr\u00e1cticas hol\u00edsticas y herramientas pr\u00e1cticas, este libro te acompa\u00f1a suavemente a reconectarte con tu ritmo natural \u2014un ritmo que nutre tu cuerpo, mente, energ\u00eda y esp\u00edritu. Desde ma\u00f1anas lentas y comidas conscientes hasta una nueva visi\u00f3n del \u00e9xito y la construcci\u00f3n de relaciones significativas, esta obra ofrece un camino hacia una vida m\u00e1s intencional y plena.<\/p>\n\n\n<div class=\"gb-container gb-container-c1dd77f7\">\n<div class=\"gb-container gb-container-03748984\">\n\n<p><strong>DISPONIBLE EN ESPA\u00d1OL EN 2026<\/strong><\/p>\n\n<\/div>\n<\/div>\n\n<div class=\"gb-container gb-container-070b2118\"><\/div>\n\n\n<p>Disponible en Amazon en ingl\u00e9s:<br><br>Amazon ES:\u00a0<a href=\"https:\/\/www.amazon.es\/dp\/B0F6F6YR1J\">https:\/\/www.amazon.es\/dp\/B0F6F6YR1J<\/a><br><br><\/p>\n\n<\/div>\n<\/div>\n<\/div>\n\n<div class=\"gb-container gb-container-6720ec28\">\n<div class=\"gb-container gb-container-4355f87c\">\n\n<figure class=\"wp-block-image size-full\"><img loading=\"lazy\" decoding=\"async\" width=\"658\" height=\"1000\" src=\"https:\/\/thebridgecenter.net\/wp-content\/uploads\/2025\/12\/Screenshot-2025-12-13-at-16.49.10-2.jpg\" alt=\"\" class=\"wp-image-5574\" srcset=\"https:\/\/thebridgecenter.net\/wp-content\/uploads\/2025\/12\/Screenshot-2025-12-13-at-16.49.10-2.jpg 658w, https:\/\/thebridgecenter.net\/wp-content\/uploads\/2025\/12\/Screenshot-2025-12-13-at-16.49.10-2-197x300.jpg 197w\" sizes=\"auto, (max-width: 658px) 100vw, 658px\" \/><\/figure>\n\n<\/div>\n\n<div class=\"gb-container gb-container-9141a9d9\">\n\n<div class=\"gb-headline gb-headline-06c631d7 gb-headline-text\">Take It Slow Workbook<\/div>\n\n\n\n<div class=\"gb-headline gb-headline-0122d22c gb-headline-text\">Creado para complementar el libro <em>Take It Slow<\/em>, este diario guiado te acompa\u00f1a a llevar una verdadera transformaci\u00f3n a las distintas \u00e1reas de tu vida.<br>A trav\u00e9s de reflexiones, ejercicios sencillos y peque\u00f1os rituales, te ayuda a incorporar m\u00e1s <strong>lentitud y presencia<\/strong> en tu d\u00eda a d\u00eda: en tus rutinas de la ma\u00f1ana, en las comidas, en el trabajo, en tus relaciones, y tambi\u00e9n en tu tiempo libre y en los momentos de descanso.<br><br>Disponible en Amazon (por el momento en ingl\u00e9s)<br><a href=\"https:\/\/www.amazon.es\/dp\/B0G1JWRL3C\">https:\/\/www.amazon.es\/dp\/B0G1JWRL3C<\/a><br><\/div>\n\n<\/div>\n<\/div>","protected":false},"excerpt":{"rendered":"<p>Paola Devescovi Take It Slow Take It Slow &#8211; La revoluci\u00f3n lenta para una conexi\u00f3n m\u00e1s profunda y una vida consciente es &#8230; <a title=\"Libros\" class=\"read-more\" href=\"https:\/\/thebridgecenter.net\/es\/libros\/\" aria-label=\"Leer m\u00e1s sobre Libros\">Leer m\u00e1s<\/a><\/p>\n","protected":false},"author":2,"featured_media":0,"parent":0,"menu_order":0,"comment_status":"closed","ping_status":"closed","template":"","meta":{"_acf_changed":false,"_gspb_post_css":"#gspb_image-id-gsbp-14106d7 img{vertical-align:top;display:inline-block;box-sizing:border-box;max-width:100%;width:300px;height:auto}#gspb_image-id-gsbp-14106d7{height:auto}@media (max-width:991.98px){#gspb_image-id-gsbp-14106d7,#gspb_image-id-gsbp-14106d7 img{height:auto}}@media (max-width:767.98px){#gspb_image-id-gsbp-14106d7,#gspb_image-id-gsbp-14106d7 img{height:auto}}@media (max-width:575.98px){#gspb_image-id-gsbp-14106d7,#gspb_image-id-gsbp-14106d7 img{height:auto}}","inline_featured_image":false,"footnotes":""},"class_list":["post-5224","page","type-page","status-publish"],"acf":[],"_links":{"self":[{"href":"https:\/\/thebridgecenter.net\/es\/wp-json\/wp\/v2\/pages\/5224","targetHints":{"allow":["GET"]}}],"collection":[{"href":"https:\/\/thebridgecenter.net\/es\/wp-json\/wp\/v2\/pages"}],"about":[{"href":"https:\/\/thebridgecenter.net\/es\/wp-json\/wp\/v2\/types\/page"}],"author":[{"embeddable":true,"href":"https:\/\/thebridgecenter.net\/es\/wp-json\/wp\/v2\/users\/2"}],"replies":[{"embeddable":true,"href":"https:\/\/thebridgecenter.net\/es\/wp-json\/wp\/v2\/comments?post=5224"}],"version-history":[{"count":3,"href":"https:\/\/thebridgecenter.net\/es\/wp-json\/wp\/v2\/pages\/5224\/revisions"}],"predecessor-version":[{"id":5579,"href":"https:\/\/thebridgecenter.net\/es\/wp-json\/wp\/v2\/pages\/5224\/revisions\/5579"}],"wp:attachment":[{"href":"https:\/\/thebridgecenter.net\/es\/wp-json\/wp\/v2\/media?parent=5224"}],"curies":[{"name":"wp","href":"https:\/\/api.w.org\/{rel}","templated":true}]}}