{"id":4775,"date":"2021-01-30T19:30:03","date_gmt":"2021-01-30T18:30:03","guid":{"rendered":"https:\/\/thebridgecenter.net\/?page_id=4775"},"modified":"2026-01-31T18:33:35","modified_gmt":"2026-01-31T17:33:35","slug":"viaggio-hashimoto","status":"publish","type":"page","link":"https:\/\/thebridgecenter.net\/it\/viaggio-hashimoto\/","title":{"rendered":"La mia storia"},"content":{"rendered":"<div class=\"gb-container gb-container-3a5df124\">\n<div class=\"gb-container gb-container-09247fff\">\n<div class=\"gb-grid-wrapper gb-grid-wrapper-e89369fa\">\n<div class=\"gb-grid-column gb-grid-column-699c1d45\"><div class=\"gb-container gb-container-699c1d45 column-shadow\">\n\n<figure class=\"gb-block-image gb-block-image-e86bb731\"><img loading=\"lazy\" decoding=\"async\" width=\"40\" height=\"40\" class=\"gb-image gb-image-e86bb731\" src=\"https:\/\/thebridgecenter.net\/wp-content\/uploads\/2023\/12\/big-diamond40x40-free-img2.png\" alt=\"\" title=\"big-diamond40x40-free-img2\"\/><\/figure>\n\n\n\n<h4 class=\"gb-headline gb-headline-d534b34a gb-headline-text\">Mission<\/h4>\n\n\n\n<p class=\"has-text-align-left\">Aiutare donne imprenditrici e professioniste con problemi di tiroide attraverso un <strong>approccio olistico di &#8220;slow living&#8221;<\/strong>, che ha le sue radici in <strong>antiche tradizioni<\/strong> e culture. <span style=\"box-sizing: border-box; margin: 0px; padding: 0px;\">Il nostro obiettivo \u00e8 aiutarle a\u00a0<strong>creare e vivere la vita che desiderano<\/strong>\u00a0e\u00a0<strong>coltivare il proprio benessere<\/strong>\u00a0nonostant<\/span>e le inevitabili sfide causate dalle patologie tiroidee.<\/p>\n\n\n<div class=\"gb-container gb-container-fdbb984a\"><\/div>\n<\/div><\/div>\n\n<div class=\"gb-grid-column gb-grid-column-cbd9068d\"><div class=\"gb-container gb-container-cbd9068d column-shadow\">\n\n<figure class=\"gb-block-image gb-block-image-cc2bfef2\"><img loading=\"lazy\" decoding=\"async\" width=\"40\" height=\"40\" class=\"gb-image gb-image-cc2bfef2\" src=\"https:\/\/thebridgecenter.net\/wp-content\/uploads\/2023\/12\/sight40x40-free-img2.png\" alt=\"\" title=\"sight40x40-free-img2\"\/><\/figure>\n\n\n\n<h4 class=\"gb-headline gb-headline-06c8a4fe gb-headline-text\">Vision<\/h4>\n\n\n\n<p class=\"has-text-align-left\"><strong>The Bridge Center<\/strong>\u00a0\u00e8 il luogo ideale e una risorsa affidabile per donne imprenditrici e professioniste con problemi di tiroide. Attraverso i nostri <strong>programmi, corsi di qi gong, workshop, ritiri e comunit\u00e0<\/strong>, il nostro obiettivo \u00e8 consentire alle nostre clienti di prosperare in ogni aspetto della propria vita personale e professionale, vivere il loro pieno potenziale e adottare lo stile di vita adatto alle loro esigenze. Ci impegnamo affinch\u00e9 The Bridge Center sia un catalizzatore per la <strong>trasformazione<\/strong> e il <strong>benessere<\/strong>, consentendo alle nostre clienti di sentirsi bene ed essere in controllo della propria energia.<\/p>\n\n\n<div class=\"gb-container gb-container-e46aab5c\"><\/div>\n<\/div><\/div>\n\n<div class=\"gb-grid-column gb-grid-column-9fcd033f\"><div class=\"gb-container gb-container-9fcd033f column-shadow\">\n\n<figure class=\"gb-block-image gb-block-image-67438324\"><img loading=\"lazy\" decoding=\"async\" width=\"40\" height=\"40\" class=\"gb-image gb-image-67438324\" src=\"https:\/\/thebridgecenter.net\/wp-content\/uploads\/2023\/12\/gift40x40-free-img2.png\" alt=\"\" title=\"gift40x40-free-img2\"\/><\/figure>\n\n\n\n<h4 class=\"gb-headline gb-headline-2cda7332 gb-headline-text\">Valori<\/h4>\n\n\n\n<p>Al&nbsp;The Bridge Center&nbsp;crediamo che i valori abbiano un grande impatto sul nostro mondo interiore e che si riflettano in tutto ci\u00f2 che facciamo, nella vita personale e professionale. Questo \u00e8 il motivo per cui ci assicuriamo che tutti i nostri programmi, progetti e prodotti si fondino sui nostri valori fondamentali:<br><strong>slow living, bioindividualit\u00e0, libert\u00e0, amore, integrit\u00e0, inclusione, consapevolezza, intenzione, essere al servizio dei nostri clienti, autenticit\u00e0, spiritualit\u00e0, gratitudine, verit\u00e0, responsabilit\u00e0, curiosit\u00e0, gioia, lealt\u00e0, condivisione, curiosit\u00e0, coraggio, trasparenza.<\/strong><\/p>\n\n\n<div class=\"gb-container gb-container-effc3b8b\"><\/div>\n<\/div><\/div>\n<\/div>\n<\/div>\n<\/div>\n\n<div class=\"gb-container gb-container-5deb5034\">\n<div class=\"gb-container gb-container-1745ed13\">\n<div class=\"gb-grid-wrapper gb-grid-wrapper-e1dc665b\">\n<div class=\"gb-grid-column gb-grid-column-15509c86\"><div class=\"gb-container gb-container-15509c86\"><div class=\"gb-inside-container\">\n\n<h2 class=\"gb-headline gb-headline-39e25962 gb-headline-text\">Benvenuta a TheBridgeCenter.net<\/h2>\n\n\n\n<p>Sono Paola Devescovi,  aiuto le donne con problemi di tiroide a ritrovare la loro energia, dormire meglio e svegliarsi riposate, perdere peso e sentirsi di nuovo bene con il proprio corpo senza affidarsi esclusivamente ai farmaci.<\/p>\n\n\n\n<p><\/p>\n\n<\/div><\/div><\/div>\n\n<div class=\"gb-grid-column gb-grid-column-e9732a3e\"><div class=\"gb-container gb-container-e9732a3e\"><div class=\"gb-inside-container\">\n\n<figure class=\"gb-block-image gb-block-image-bca45bf7\"><img loading=\"lazy\" decoding=\"async\" width=\"1000\" height=\"971\" class=\"gb-image gb-image-bca45bf7\" src=\"https:\/\/thebridgecenter.net\/wp-content\/uploads\/2025\/07\/WhatsApp-Image-2025-07-11-at-17.45.53-2.jpeg\" alt=\"\" title=\"WhatsApp Image 2025-07-11 at 17.45.53\" srcset=\"https:\/\/thebridgecenter.net\/wp-content\/uploads\/2025\/07\/WhatsApp-Image-2025-07-11-at-17.45.53-2.jpeg 1000w, https:\/\/thebridgecenter.net\/wp-content\/uploads\/2025\/07\/WhatsApp-Image-2025-07-11-at-17.45.53-2-300x291.jpeg 300w, https:\/\/thebridgecenter.net\/wp-content\/uploads\/2025\/07\/WhatsApp-Image-2025-07-11-at-17.45.53-2-768x746.jpeg 768w\" sizes=\"auto, (max-width: 1000px) 100vw, 1000px\" \/><\/figure>\n\n<\/div><\/div><\/div>\n<\/div>\n<\/div>\n<\/div>\n\n<div class=\"gb-container gb-container-8fce13cb\">\n<div class=\"gb-grid-wrapper gb-grid-wrapper-6edb5de7\">\n<div class=\"gb-grid-column gb-grid-column-dcd1a6e7\"><div class=\"gb-container gb-container-dcd1a6e7\">\n\n<h2 class=\"gb-headline gb-headline-4c40fa39 gb-headline-text\">Il mio percorso professionale e con Hashimoto<\/h2>\n\n\n\n<p>Sono una <strong>Integrative Health Coach<\/strong>, <strong>Reiki Master,<\/strong> insegnante certificata di <strong>Qigong<\/strong> e <strong>imprenditrice digitale.<\/strong> Ho fondato <em>The Bridge \u2013 Center of Transformation<\/em> per accompagnare donne professioniste e imprenditrici con patologie tiroidee verso uno stile di vita pi\u00f9 consapevole, vitale e allineato alla loro vera essenza.<br><br>Avendo combattuto con la \u00a0<strong>tiroidite di Hashimoto<\/strong>\u00a0per almeno 27 anni (diagnosticata 15 anni fa), capisco l&#8217;impatto profondo che i problemi di tiroide e condizioni autoimmuni possono avere sulla vita di una persona. Il mio percorso con Hashimoto \u00e8 stato pesante, caratterizzato da anni in cui ho combattuto con\u00a0<strong>stanchezza<\/strong> <strong>cronica<\/strong>, <strong>cervello annebbiato<\/strong> (dall&#8217;inglese &#8220;brain fog&#8221;) e <strong>costanti problemi di peso<\/strong>\u00a0che non riuscivo a perdere in nessun modo. Prima di ricevere la diagnosi, mi sono rivolta a diversi medici per avere delle risposte, ma per ognuno di loro i miei sintomi erano normali, dovuti a due gravidanze vicine e ad essere spesso sola ad occuparmi dei miei bambini per la frequente assenza di mio marito che viaggiava molto per lavoro, e a farmi carico di tutte le responsabilit\u00e0 famigliari.<\/p>\n\n\n\n<p>Solo dopo la diagnosi ho iniziato a collegare i miei sintomi con questa malattia autoimmune. Ho anche scoperto che Hashimoto \u00e8 spesso la causa nascosta di altri problemi di salute: nel mio caso, ipertensione con un brutto episodio nel 2020 e problemi digestivi.<\/p>\n\n\n\n<p>In un momento cruciale della mia vita \u2013 gi\u00e0 certificata come Life Coach \u2013 ho sentito il bisogno profondo di andare oltre il lavoro sulla mente e comprendere davvero il linguaggio del mio corpo. Vivere con la tiroidite di Hashimoto \u00e8 diventato sia una sfida che un\u2019 &#8220;insegnante&#8221;, che mi ha guidato verso un approccio pi\u00f9 integrato alla salute e al benessere. Questo mi ha portata a iscrivermi all\u2019<strong><a href=\"https:\/\/www.integrativenutrition.com\/the-health-coach-training\">Institute for Integrative Nutrition<\/a><\/strong>, dove ho ottenuto la certificazione di <strong>Integrative Health Coach <\/strong>e ho iniziato a esplorare come alimentazione, stile di vita ed equilibrio emotivo possono restituire vitalit\u00e0 e chiarezza.<\/p>\n\n\n\n<p>Parallelamente mi sono immersa nelle <strong>pratiche di guarigione energetica<\/strong> e ho scoperto la profonda saggezza del <a href=\"https:\/\/thebridgecenter.net\/it\/qi-gong-online-2025-2026\/\"><strong>Qi Gong<\/strong> <\/a>(che oggi insegno), una disciplina che mi ha riconnessa al flusso naturale e alla resilienza del mio corpo. Il cerchio si \u00e8 chiuso quando, sotto la guida di un <strong>medico di Medicina Integrata e Medicina Tradizionale Cinese<\/strong>, ho sperimentato in prima persona come i principi di questa antica tradizione \u2013 basati sull\u2019equilibrio, l\u2019energia e la prevenzione \u2013 potessero trasformare non solo la mia salute, ma anche il mio modo di vivere.<\/p>\n\n\n\n<p>Come madre single di due adolescenti (oggi giovani adulti), ho imparato che resilienza non significa \u201cresistere\u201d, ma armonizzarsi con i ritmi della vita. Ogni sfida, ogni piccola vittoria mi ha insegnato a rallentare, ad ascoltare in profondit\u00e0 e a vivere con intenzione.<\/p>\n\n\n\n<p><strong>La mia missione \u00e8 semplice ma profonda<\/strong>: aiutare le donne a prendersi cura di se stesse in modo completo \u2013 corpo, mente e spirito \u2013 non solo per gestire la propria salute, ma fiorire. Guidata dalla saggezza delle <strong>tradizioni antiche<\/strong> e supportata dalle <strong>scoperte della scienza moderna<\/strong>, accompagno le mie clienti a esplorare la propria <strong>bio-individualit\u00e0<\/strong>, a riconnettersi con la propria saggezza interiore e a creare una vita in armonia con i propri ritmi naturali e la voce pi\u00f9 autentica del proprio spirito.<\/p>\n\n\n\n<p>Benvenuta a The Bridge Center! Sono felice di intraprendere insieme questo percorso e sono sicura che non esista un momento migliore per riappropriarti del tuo potere e vivere pienamente la tua vita.<\/p>\n\n\n\n<figure class=\"gb-block-image gb-block-image-fff1b22d\"><img loading=\"lazy\" decoding=\"async\" width=\"248\" height=\"56\" class=\"gb-image gb-image-fff1b22d\" src=\"https:\/\/thebridgecenter.net\/wp-content\/uploads\/2023\/12\/BDB30865520C42961310AFEB5E944363.jpg\" alt=\"\" title=\"BDB30865520C42961310AFEB5E944363\"\/><\/figure>\n\n\n<div class=\"gb-grid-wrapper gb-grid-wrapper-c14c5ba3\">\n<div class=\"gb-grid-column gb-grid-column-05bf3b18\"><div class=\"gb-container gb-container-05bf3b18\">\n\n<figure class=\"gb-block-image gb-block-image-da7d361b\"><img loading=\"lazy\" decoding=\"async\" width=\"220\" height=\"250\" class=\"gb-image gb-image-da7d361b\" src=\"https:\/\/thebridgecenter.net\/wp-content\/uploads\/2023\/12\/BreathCoach.png\" alt=\"\" title=\"BreathCoach\"\/><\/figure>\n\n<\/div><\/div>\n\n<div class=\"gb-grid-column gb-grid-column-0e23e07c\"><div class=\"gb-container gb-container-0e23e07c\">\n\n<figure class=\"gb-block-image gb-block-image-8d6b2707\"><img loading=\"lazy\" decoding=\"async\" width=\"150\" height=\"150\" class=\"gb-image gb-image-8d6b2707\" src=\"https:\/\/thebridgecenter.net\/wp-content\/uploads\/2023\/12\/150-RHA-New-Round-Logo.png\" alt=\"\" title=\"150-RHA-New-Round-Logo\" srcset=\"https:\/\/thebridgecenter.net\/wp-content\/uploads\/2023\/12\/150-RHA-New-Round-Logo.png 150w, https:\/\/thebridgecenter.net\/wp-content\/uploads\/2023\/12\/150-RHA-New-Round-Logo-100x100.png 100w\" sizes=\"auto, (max-width: 150px) 100vw, 150px\" \/><\/figure>\n\n<\/div><\/div>\n\n<div class=\"gb-grid-column gb-grid-column-9b5c0943\"><div class=\"gb-container gb-container-9b5c0943\">\n\n<figure class=\"gb-block-image gb-block-image-0bb3f2f0\"><img loading=\"lazy\" decoding=\"async\" width=\"160\" height=\"160\" class=\"gb-image gb-image-0bb3f2f0\" src=\"https:\/\/thebridgecenter.net\/wp-content\/uploads\/2023\/12\/1602586263451.jpeg\" alt=\"\" title=\"1602586263451\" srcset=\"https:\/\/thebridgecenter.net\/wp-content\/uploads\/2023\/12\/1602586263451.jpeg 160w, https:\/\/thebridgecenter.net\/wp-content\/uploads\/2023\/12\/1602586263451-150x150.jpeg 150w, https:\/\/thebridgecenter.net\/wp-content\/uploads\/2023\/12\/1602586263451-100x100.jpeg 100w\" sizes=\"auto, (max-width: 160px) 100vw, 160px\" \/><\/figure>\n\n<\/div><\/div>\n\n<div class=\"gb-grid-column gb-grid-column-9cd35288\"><div class=\"gb-container gb-container-9cd35288\">\n\n<div class=\"wp-block-greenshift-blocks-image gspb_image gspb_image-id-gsbp-6020117\" id=\"gspb_image-id-gsbp-6020117\"><img decoding=\"async\" src=\"https:\/\/thebridgecenter.net\/wp-content\/uploads\/2025\/09\/Screenshot-2025-09-08-at-15.22.46.jpg\" data-src=\"\" alt=\"Diploma nazionale di istruttore di primo livello di qi gong\" loading=\"lazy\" width=\"746\" height=\"528\"\/><\/div>\n\n<\/div><\/div>\n<\/div>\n<\/div><\/div>\n<\/div>\n<\/div>","protected":false},"excerpt":{"rendered":"","protected":false},"author":1,"featured_media":0,"parent":0,"menu_order":0,"comment_status":"closed","ping_status":"closed","template":"","meta":{"_acf_changed":false,"_gspb_post_css":"#gspb_image-id-gsbp-7b2d4d3 img{vertical-align:top;display:inline-block;box-sizing:border-box;max-width:100%;width:600px;height:auto}#gspb_image-id-gsbp-7b2d4d3{margin-top:0;height:auto}@media (max-width:991.98px){#gspb_image-id-gsbp-7b2d4d3,#gspb_image-id-gsbp-7b2d4d3 img{height:auto}}@media (max-width:767.98px){#gspb_image-id-gsbp-7b2d4d3,#gspb_image-id-gsbp-7b2d4d3 img{height:auto}}@media (max-width:575.98px){#gspb_image-id-gsbp-7b2d4d3,#gspb_image-id-gsbp-7b2d4d3 img{height:auto}}","inline_featured_image":false,"footnotes":""},"class_list":["post-4775","page","type-page","status-publish"],"acf":[],"_links":{"self":[{"href":"https:\/\/thebridgecenter.net\/it\/wp-json\/wp\/v2\/pages\/4775","targetHints":{"allow":["GET"]}}],"collection":[{"href":"https:\/\/thebridgecenter.net\/it\/wp-json\/wp\/v2\/pages"}],"about":[{"href":"https:\/\/thebridgecenter.net\/it\/wp-json\/wp\/v2\/types\/page"}],"author":[{"embeddable":true,"href":"https:\/\/thebridgecenter.net\/it\/wp-json\/wp\/v2\/users\/1"}],"replies":[{"embeddable":true,"href":"https:\/\/thebridgecenter.net\/it\/wp-json\/wp\/v2\/comments?post=4775"}],"version-history":[{"count":10,"href":"https:\/\/thebridgecenter.net\/it\/wp-json\/wp\/v2\/pages\/4775\/revisions"}],"predecessor-version":[{"id":5679,"href":"https:\/\/thebridgecenter.net\/it\/wp-json\/wp\/v2\/pages\/4775\/revisions\/5679"}],"wp:attachment":[{"href":"https:\/\/thebridgecenter.net\/it\/wp-json\/wp\/v2\/media?parent=4775"}],"curies":[{"name":"wp","href":"https:\/\/api.w.org\/{rel}","templated":true}]}}