{"id":4777,"date":"2021-01-14T15:10:54","date_gmt":"2021-01-14T14:10:54","guid":{"rendered":"https:\/\/thebridgecenter.net\/?page_id=4777"},"modified":"2026-04-15T14:33:24","modified_gmt":"2026-04-15T12:33:24","slug":"the-bridge-center","status":"publish","type":"page","link":"https:\/\/thebridgecenter.net\/it\/","title":{"rendered":"The Bridge Center"},"content":{"rendered":"<div class=\"gb-container gb-container-d24537ad\">\n<div class=\"gb-container gb-container-6d9ee7ab\">\n<div class=\"gb-container gb-container-394c8ccd\">\n\n<h1 class=\"gb-headline gb-headline-c3b39d06 gb-headline-text\">Benvenuti a &#8220;The Bridge Center of Transformation&#8221;<\/h1>\n\n\n\n<h1 class=\"gb-headline gb-headline-a5a28a40 gb-headline-text\">Dedicato alle donne con problemi di tiroide per <strong>trasformare stanchezza cronica <\/strong>e s<strong>tress<\/strong> in <strong>energia sostenibile<\/strong> e <strong>calma interiore<\/strong>. Attraverso un percorso guidato basato su pratiche di <strong>qi gong<\/strong>, <strong>Medicina Tradizionale Cinese<\/strong>, <strong>gestione dello stress<\/strong> e <strong>benessere olistico<\/strong>, ti accompagno a ritrovare equilibrio e vitalit\u00e0. <\/h1>\n\n\n\n<a class=\"gb-button gb-button-fdf7ccc4\" href=\"https:\/\/28d1-info.systeme.io\/d29d643b-ec680abd\"><span class=\"gb-button-text\">iscriviti alla nostra<br> newsletter<\/span><span class=\"gb-icon\"><svg height=\"15\" width=\"15\" xmlns=\"http:\/\/www.w3.org\/2000\/svg\" fill=\"none\"><path stroke=\"currentColor\" d=\"M13.5 7.5l-4-4m4 4l-4 4m4-4H1\"><\/path><\/svg><\/span><\/a>\n\n<\/div>\n\n<div class=\"gb-container gb-container-356ec070\">\n\n<figure class=\"gb-block-image gb-block-image-16477fd5\"><img loading=\"lazy\" decoding=\"async\" width=\"600\" height=\"600\" class=\"gb-image gb-image-16477fd5\" src=\"https:\/\/thebridgecenter.net\/wp-content\/uploads\/2023\/12\/lady-white-hair-600.jpg\" alt=\"\" title=\"lady-white-hair-600\" srcset=\"https:\/\/thebridgecenter.net\/wp-content\/uploads\/2023\/12\/lady-white-hair-600.jpg 600w, https:\/\/thebridgecenter.net\/wp-content\/uploads\/2023\/12\/lady-white-hair-600-300x300.jpg 300w, https:\/\/thebridgecenter.net\/wp-content\/uploads\/2023\/12\/lady-white-hair-600-150x150.jpg 150w, https:\/\/thebridgecenter.net\/wp-content\/uploads\/2023\/12\/lady-white-hair-600-400x400.jpg 400w, https:\/\/thebridgecenter.net\/wp-content\/uploads\/2023\/12\/lady-white-hair-600-100x100.jpg 100w\" sizes=\"auto, (max-width: 600px) 100vw, 600px\" \/><\/figure>\n\n<\/div>\n<\/div>\n<\/div>\n\n<div class=\"gb-container gb-container-170094c5\">\n<div class=\"gb-container gb-container-7e7e63a8\">\n\n<p class=\"gb-headline gb-headline-dd9d93ea\"><span class=\"gb-icon\"><svg xmlns=\"http:\/\/www.w3.org\/2000\/svg\" viewBox=\"0 0 100 100.203\"><path d=\"M96.157 74.348a13.045 13.045 0 00-9.292-3.859h-25.37a9.029 9.029 0 00-2.652-6.262 9.033 9.033 0 00-6.428-2.666l-31.172-.014c-7.923.014-12.369 5.728-15.927 11.102 0 0-4.517 6.848-4.732 7.198-.302.491-1.221 1.987.139 3.07.328.261.756.42 1.206.42.498 0 1.022-.195 1.464-.66.22-.232 5.131-7.905 5.131-7.905 3.272-4.943 6.706-9.379 12.711-9.379h.006l31.172.014a5.214 5.214 0 013.709 1.538 5.216 5.216 0 011.535 3.71 5.214 5.214 0 01-1.538 3.709 5.213 5.213 0 01-3.708 1.535h-.003l-20.224-.007a1.923 1.923 0 100 3.846l20.224.007h.005a9.034 9.034 0 006.426-2.66 9.09 9.09 0 001.884-2.75h26.144a9.223 9.223 0 016.57 2.73 9.24 9.24 0 012.579 4.951L31.11 91.963c-.791.079-6.895.829-9.758 5.275a1.923 1.923 0 003.235 2.083c1.967-3.054 6.878-3.527 6.922-3.531.044-.003.087-.009.13-.016l66.73-10.228a1.924 1.924 0 001.632-1.9 13.075 13.075 0 00-3.844-9.298zM95.874 0H82.987C68.919 0 57.474 11.445 57.474 25.513v11.995c-1.446 1.312-4.524 4.609-6.39 10.23-1.117-2.127-2.383-3.536-3.18-4.296V35.38c0-10.078-8.199-18.277-18.277-18.277h-8.933a1.923 1.923 0 00-1.923 1.923v8.934c0 10.078 8.199 18.277 18.276 18.277h8.224c1.16 1.097 4.281 4.678 4.279 11.44a1.923 1.923 0 103.846.001s-.556-10.73 6.692-17.354h12.195c14.068 0 25.513-11.445 25.513-25.513V1.923A1.922 1.922 0 0095.874 0zM22.618 27.96v-7.01h7.01c7.957 0 14.43 6.473 14.43 14.43v4.291l-8.309-8.309a1.924 1.924 0 00-2.72 2.719l8.309 8.309h-4.291c-7.956 0-14.429-6.473-14.429-14.43zm71.333-13.15c0 11.947-9.72 21.666-21.667 21.666H64.04l13.438-13.439a1.922 1.922 0 10-2.72-2.719L61.321 33.757v-8.244c0-11.947 9.72-21.666 21.667-21.666h10.964V14.81z\"><\/path><\/svg><\/span><span class=\"gb-headline-text\">ATTRAVERSO LA FUSIONE di ANTICHE TRADIZIONI, tecniche ENERGETIChe E SCIENZA, riscoprirete LA VOSTRA UNICITa&#8217; e IL BENESSERE IN ARMONIA CON I RITMI DELLA NATURA.<\/span><\/p>\n\n<\/div>\n\n<div class=\"gb-container gb-container-fd4913b5\">\n\n<p class=\"gb-headline gb-headline-b49c4921\"><span class=\"gb-icon\"><svg xmlns=\"http:\/\/www.w3.org\/2000\/svg\" viewBox=\"0 0 100 100.759\"><path d=\"M50 64.732c13.81 0 25.046-11.236 25.046-25.046 0-17.231-22.713-38.267-23.68-39.154a2.02 2.02 0 00-2.731 0c-.967.887-23.681 21.924-23.681 39.154 0 13.81 11.236 25.046 25.046 25.046zm.001-59.911C54.86 9.6 71.005 26.474 71.005 39.686c0 11.583-9.423 21.006-21.005 21.006s-21.006-9.423-21.006-21.006c0-13.197 16.147-30.083 21.007-34.865z\"><\/path><path d=\"M50 54.631a2.02 2.02 0 000-4.04c-6.013 0-10.905-4.892-10.905-10.905a2.02 2.02 0 00-4.04 0c0 8.241 6.704 14.945 14.945 14.945z\"><\/path><path d=\"M97.98 48.158H79.536a2.02 2.02 0 000 4.04H95.96v15.643c-5.666.438-8.645 2.672-10.875 4.354-1.416 1.068-2.196 1.625-3.098 1.625-.903 0-1.683-.557-3.098-1.625-2.482-1.872-5.881-4.437-12.895-4.437-7.014 0-10.413 2.564-12.895 4.437-1.415 1.067-2.196 1.624-3.098 1.624-.903 0-1.683-.557-3.098-1.625-2.482-1.872-5.882-4.437-12.895-4.437-7.014 0-10.413 2.564-12.895 4.437-1.416 1.068-2.196 1.625-3.098 1.625-.903 0-1.683-.557-3.098-1.625-2.23-1.682-5.209-3.916-10.874-4.354V52.199h16.423a2.02 2.02 0 000-4.04H2.02A2.02 2.02 0 000 50.179V98.74a2.02 2.02 0 002.02 2.02h95.96a2.02 2.02 0 002.02-2.02V50.178a2.02 2.02 0 00-2.02-2.02zM4.04 96.719V71.891c4.285.398 6.478 2.051 8.441 3.531 1.59 1.199 3.234 2.439 5.531 2.439s3.942-1.24 5.531-2.439c2.25-1.698 4.802-3.622 10.462-3.622s8.211 1.924 10.462 3.622c1.59 1.199 3.234 2.439 5.531 2.439 2.297 0 3.941-1.24 5.531-2.439C57.78 73.724 60.33 71.8 65.991 71.8c5.66 0 8.211 1.924 10.462 3.622 1.59 1.199 3.234 2.439 5.531 2.439s3.942-1.24 5.531-2.439c1.963-1.481 4.157-3.133 8.442-3.531v24.828H4.04z\"><\/path><path d=\"M36.827 84.517h-5.641a2.02 2.02 0 100 4.04h5.641a2.02 2.02 0 000-4.04zM68.814 84.517h-5.641a2.02 2.02 0 100 4.04h5.641a2.02 2.02 0 000-4.04zM79.791 24.599a2.02 2.02 0 002.503 1.376l9.54-2.77a2.02 2.02 0 00-1.127-3.88l-9.54 2.77a2.022 2.022 0 00-1.376 2.504zM76.714 16.339a2.01 2.01 0 001.229-.418l7.82-6.001a2.021 2.021 0 00-2.46-3.206l-7.82 6.001a2.021 2.021 0 001.231 3.624zM8.165 23.206l9.54 2.77a2.02 2.02 0 001.126-3.879l-9.54-2.77a2.02 2.02 0 10-1.126 3.879zM14.237 9.921l7.82 6.001a2.017 2.017 0 002.833-.372 2.021 2.021 0 00-.372-2.833l-7.82-6.001a2.021 2.021 0 00-2.461 3.205z\"><\/path><\/svg><\/span><span class=\"gb-headline-text\">UNISCITI A NOI ritrovare il contatto CON LA TUA ESSENZA, RIVITALIZZARE LA TUA VITALIT\u00c0, ALLEVIARE LO STRESS E INTRAPRENDERE UN PERCORSO di TRASFORMAzione SU MISURA PER TE.<\/span><\/p>\n\n<\/div>\n<\/div>\n\n<div class=\"gb-container gb-container-ebc6b3d3\">\n<div class=\"gb-container gb-container-5ed7f9b9\">\n<div class=\"gb-grid-wrapper gb-grid-wrapper-e3058aff\">\n<div class=\"gb-grid-column gb-grid-column-a4cbbe74\"><div class=\"gb-container gb-container-a4cbbe74\">\n\n<h4 class=\"gb-headline gb-headline-ca385857 gb-headline-text\">Corsi di Qi Gong 2026<\/h4>\n\n\n<div class=\"gb-container gb-container-c98882ec\"><\/div>\n\n<div class=\"gb-container gb-container-70ed9734\">\n\n<p class=\"gb-headline gb-headline-b889ca8f gb-headline-text\">Visita la pagina \u201cQi Gong Online 2025-2026\u201d per informazioni sugli orari delle lezioni e sulle tecniche insegnate.<br><br> <\/p>\n\n\n<div class=\"gb-container gb-container-b425f9e4\">\n\n<a class=\"gb-button gb-button-a6f43334\" href=\"https:\/\/thebridgecenter.net\/it\/eventi\/calendar\/\"><span class=\"gb-button-text\">Calendar<\/span><span class=\"gb-icon\"><svg xml:space=\"preserve\" style=\"enable-background:new 0 0 330 330\" viewBox=\"0 0 330 330\" xmlns=\"http:\/\/www.w3.org\/2000\/svg\"><path d=\"M15 180h263.787l-49.394 49.394c-5.858 5.857-5.858 15.355 0 21.213C232.322 253.535 236.161 255 240 255s7.678-1.465 10.606-4.394l75-75c5.858-5.857 5.858-15.355 0-21.213l-75-75c-5.857-5.857-15.355-5.857-21.213 0-5.858 5.857-5.858 15.355 0 21.213L278.787 150H15c-8.284 0-15 6.716-15 15s6.716 15 15 15z\"><\/path><\/svg><\/span><\/a>\n\n<\/div>\n<\/div>\n\n\n<h4 class=\"gb-headline gb-headline-9297c9dc gb-headline-text\">Libri e risorse<\/h4>\n\n\n<div class=\"gb-container gb-container-6cd61816\"><\/div>\n\n<div class=\"gb-container gb-container-1e66cb4f\">\n\n<p class=\"gb-headline gb-headline-3a41ee4a gb-headline-text\">Stiamo preparando il  nostro negozio. Iscriviti alla newsletter per tutti gli aggiornamenti.<\/p>\n\n\n<div class=\"gb-container gb-container-b8a22ae2\">\n\n<a class=\"gb-button gb-button-d7e68891\" href=\"https:\/\/app.getresponse.com\/site2\/c3865fcaf59163b98f1e09f84da87f3f\/?u=ShqxG&amp;webforms_id=SsGRY\"><span class=\"gb-button-text\">Iscriviti alla newsletter<\/span><span class=\"gb-icon\"><svg xml:space=\"preserve\" style=\"enable-background:new 0 0 330 330\" viewBox=\"0 0 330 330\" xmlns=\"http:\/\/www.w3.org\/2000\/svg\"><path d=\"M15 180h263.787l-49.394 49.394c-5.858 5.857-5.858 15.355 0 21.213C232.322 253.535 236.161 255 240 255s7.678-1.465 10.606-4.394l75-75c5.858-5.857 5.858-15.355 0-21.213l-75-75c-5.857-5.857-15.355-5.857-21.213 0-5.858 5.857-5.858 15.355 0 21.213L278.787 150H15c-8.284 0-15 6.716-15 15s6.716 15 15 15z\"><\/path><\/svg><\/span><\/a>\n\n<\/div>\n<\/div>\n<\/div><\/div>\n\n<div class=\"gb-grid-column gb-grid-column-5a97d3dc\"><div class=\"gb-container gb-container-5a97d3dc\">\n\n<h4 class=\"gb-headline gb-headline-a02b4b68 gb-headline-text\">Esplora <br>the Bridge Center<\/h4>\n\n<\/div><\/div>\n\n<div class=\"gb-grid-column gb-grid-column-604790eb\"><div class=\"gb-container gb-container-604790eb\">\n\n<h4 class=\"gb-headline gb-headline-830154e9 gb-headline-text\">Thyroid Reset<\/h4>\n\n\n<div class=\"gb-container gb-container-d7aeecd5\"><\/div>\n\n<div class=\"gb-container gb-container-b950c3e8\">\n\n<p class=\"gb-headline gb-headline-6a64dfe1 gb-headline-text\">Corso GRATUITO di 4 settimane dove imparerai pratiche semplici che sostengono la tua energia anzich\u00e9 consumarla e adotterai nuove abitudini facili da seguire nella vita di tutti i giorni.  <\/p>\n\n\n<div class=\"gb-container gb-container-3a1ca145\">\n\n<a class=\"gb-button gb-button-79822c78\" href=\"https:\/\/thebridgecenter.net\/it\/qi-gong-online-2025-2026\/\"><span class=\"gb-button-text\">Scopri di pi\u00f9<\/span><span class=\"gb-icon\"><svg xml:space=\"preserve\" style=\"enable-background:new 0 0 330 330\" viewBox=\"0 0 330 330\" xmlns=\"http:\/\/www.w3.org\/2000\/svg\"><path d=\"M15 180h263.787l-49.394 49.394c-5.858 5.857-5.858 15.355 0 21.213C232.322 253.535 236.161 255 240 255s7.678-1.465 10.606-4.394l75-75c5.858-5.857 5.858-15.355 0-21.213l-75-75c-5.857-5.857-15.355-5.857-21.213 0-5.858 5.857-5.858 15.355 0 21.213L278.787 150H15c-8.284 0-15 6.716-15 15s6.716 15 15 15z\"><\/path><\/svg><\/span><\/a>\n\n<\/div>\n<\/div>\n\n\n<h4 class=\"gb-headline gb-headline-69173e91 gb-headline-text\">Sessioni &amp; Consulenze<\/h4>\n\n\n<div class=\"gb-container gb-container-2cb069a5\"><\/div>\n\n<div class=\"gb-container gb-container-258b863b\">\n\n<p class=\"gb-headline gb-headline-57c1484f gb-headline-text\">Qui trovi le sessioni e le consulenze disponibili e le informazioni per prendere appuntamento.<\/p>\n\n\n<div class=\"gb-container gb-container-2eb02386\">\n\n<a class=\"gb-button gb-button-051c641e\" href=\"https:\/\/thebridgecenter.net\/it\/lavora-con-paola\/\"><span class=\"gb-button-text\">Scopri di pi\u00f9<\/span><span class=\"gb-icon\"><svg xml:space=\"preserve\" style=\"enable-background:new 0 0 330 330\" viewBox=\"0 0 330 330\" xmlns=\"http:\/\/www.w3.org\/2000\/svg\"><path d=\"M15 180h263.787l-49.394 49.394c-5.858 5.857-5.858 15.355 0 21.213C232.322 253.535 236.161 255 240 255s7.678-1.465 10.606-4.394l75-75c5.858-5.857 5.858-15.355 0-21.213l-75-75c-5.857-5.857-15.355-5.857-21.213 0-5.858 5.857-5.858 15.355 0 21.213L278.787 150H15c-8.284 0-15 6.716-15 15s6.716 15 15 15z\"><\/path><\/svg><\/span><\/a>\n\n<\/div>\n<\/div>\n<\/div><\/div>\n<\/div>\n<\/div>\n<\/div>\n\n<div class=\"gb-container gb-container-5781cf4f\">\n<div class=\"gb-container gb-container-d98d29ac\">\n\n<h4 class=\"gb-headline gb-headline-d35bd097 gb-headline-text\">Cosa dicono i nostri clienti<\/h4>\n\n\n<div class=\"gb-grid-wrapper gb-grid-wrapper-419d8082\">\n<div class=\"gb-grid-column gb-grid-column-039462f8\"><div class=\"gb-container gb-container-039462f8\">\n<div class=\"gb-grid-wrapper gb-grid-wrapper-5ab08091\">\n<div class=\"gb-grid-column gb-grid-column-cbe3f8c3\"><div class=\"gb-container gb-container-cbe3f8c3\">\n\n<figure class=\"gb-block-image gb-block-image-7b30452f\"><img loading=\"lazy\" decoding=\"async\" width=\"341\" height=\"226\" class=\"gb-image gb-image-7b30452f is-style-rounded\" src=\"https:\/\/thebridgecenter.net\/wp-content\/uploads\/2023\/10\/the-bridge-center-logo-2023-340.jpg\" alt=\"\" title=\"the bridge center_2 - 4\" srcset=\"https:\/\/thebridgecenter.net\/wp-content\/uploads\/2023\/10\/the-bridge-center-logo-2023-340.jpg 341w, https:\/\/thebridgecenter.net\/wp-content\/uploads\/2023\/10\/the-bridge-center-logo-2023-340-300x199.jpg 300w\" sizes=\"auto, (max-width: 341px) 100vw, 341px\" \/><\/figure>\n\n<\/div><\/div>\n\n<div class=\"gb-grid-column gb-grid-column-01008d66\"><div class=\"gb-container gb-container-01008d66\">\n\n<p class=\"gb-headline gb-headline-200c9a2c\"><span class=\"gb-icon\"><svg xmlns=\"http:\/\/www.w3.org\/2000\/svg\" viewBox=\"0 0 40 28\"><path d=\"M30.6 28c-5.2 0-9.4-4.2-9.4-9.4C21.2 8 25.5 1 25.7.7l.5-.7H33l-.6 2C31.9 3.9 31 7.4 31 8.6v.6c2.4.1 4.6 1.1 6.3 2.8 1.7 1.8 2.7 4.1 2.7 6.6 0 5.2-4.2 9.4-9.4 9.4zM27.9 3.1c-1 2-3.6 7.7-3.6 15.5 0 3.4 2.8 6.2 6.2 6.2s6.2-2.8 6.2-6.2-2.7-6.2-6.1-6.2h-.1c-1.4 0-2-.7-2.4-1.3-.4-.7-.4-1.5-.4-2.4 0-1.2.6-3.7 1-5.5l-.8-.1zm2.7 6.1zM9.4 28C4.2 28 0 23.8 0 18.6 0 8 4.3 1 4.5.7l.4-.7h6.8l-.6 2c-.6 1.9-1.4 5.5-1.4 6.6v.6c2.4.1 4.6 1.1 6.3 2.8 1.7 1.8 2.7 4.1 2.7 6.6 0 5.2-4.2 9.4-9.3 9.4zM6.7 3.1c-1 2-3.6 7.7-3.6 15.5 0 3.4 2.8 6.2 6.2 6.2s6.2-2.8 6.2-6.2-2.7-6.2-6.1-6.2c-1.4 0-2-.7-2.4-1.3-.4-.7-.4-1.5-.4-2.4 0-1.2.6-3.7 1-5.5l-.9-.1zm2.7 6.1z\"><\/path><\/svg><\/span><span class=\"gb-headline-text\">\u201cHo partecipato al programma di group coaching program Prosperity Summer Camp perch\u00e9 avevo bisogno di riorganizzare la mia attivit\u00e0 e chiarire i passi da compiere .<\/span><\/p>\n\n\n\n<p>La trasformazione che ho realizzato ha superato le mie aspettative . Con il sostegno e la guida di Paola ho scoperto nuove prospettive per la mia attivit\u00e0 e un percorso completamente nuovo verso il mio successo.&#8221;.<\/p>\n\n\n\n<p class=\"gb-headline gb-headline-5ab3f84a gb-headline-text\"><em>\u2013 Elizabeth White &#8211; International Sales and Trading Consultant<\/em> <\/p>\n\n<\/div><\/div>\n<\/div>\n<\/div><\/div>\n\n<div class=\"gb-grid-column gb-grid-column-0106bca8\"><div class=\"gb-container gb-container-0106bca8\">\n<div class=\"gb-grid-wrapper gb-grid-wrapper-5475bd03\">\n<div class=\"gb-grid-column gb-grid-column-4a8d3233\"><div class=\"gb-container gb-container-4a8d3233\">\n\n<figure class=\"gb-block-image gb-block-image-ec962f99\"><img loading=\"lazy\" decoding=\"async\" width=\"341\" height=\"226\" class=\"gb-image gb-image-ec962f99 is-style-rounded\" src=\"https:\/\/thebridgecenter.net\/wp-content\/uploads\/2023\/10\/the-bridge-center-logo-2023-340.jpg\" alt=\"\" title=\"the bridge center_2 - 4\" srcset=\"https:\/\/thebridgecenter.net\/wp-content\/uploads\/2023\/10\/the-bridge-center-logo-2023-340.jpg 341w, https:\/\/thebridgecenter.net\/wp-content\/uploads\/2023\/10\/the-bridge-center-logo-2023-340-300x199.jpg 300w\" sizes=\"auto, (max-width: 341px) 100vw, 341px\" \/><\/figure>\n\n<\/div><\/div>\n\n<div class=\"gb-grid-column gb-grid-column-2341f304\"><div class=\"gb-container gb-container-2341f304\">\n\n<p class=\"gb-headline gb-headline-7ae6e983\"><span class=\"gb-icon\"><svg xmlns=\"http:\/\/www.w3.org\/2000\/svg\" viewBox=\"0 0 40 28\"><path d=\"M30.6 28c-5.2 0-9.4-4.2-9.4-9.4C21.2 8 25.5 1 25.7.7l.5-.7H33l-.6 2C31.9 3.9 31 7.4 31 8.6v.6c2.4.1 4.6 1.1 6.3 2.8 1.7 1.8 2.7 4.1 2.7 6.6 0 5.2-4.2 9.4-9.4 9.4zM27.9 3.1c-1 2-3.6 7.7-3.6 15.5 0 3.4 2.8 6.2 6.2 6.2s6.2-2.8 6.2-6.2-2.7-6.2-6.1-6.2h-.1c-1.4 0-2-.7-2.4-1.3-.4-.7-.4-1.5-.4-2.4 0-1.2.6-3.7 1-5.5l-.8-.1zm2.7 6.1zM9.4 28C4.2 28 0 23.8 0 18.6 0 8 4.3 1 4.5.7l.4-.7h6.8l-.6 2c-.6 1.9-1.4 5.5-1.4 6.6v.6c2.4.1 4.6 1.1 6.3 2.8 1.7 1.8 2.7 4.1 2.7 6.6 0 5.2-4.2 9.4-9.3 9.4zM6.7 3.1c-1 2-3.6 7.7-3.6 15.5 0 3.4 2.8 6.2 6.2 6.2s6.2-2.8 6.2-6.2-2.7-6.2-6.1-6.2c-1.4 0-2-.7-2.4-1.3-.4-.7-.4-1.5-.4-2.4 0-1.2.6-3.7 1-5.5l-.9-.1zm2.7 6.1z\"><\/path><\/svg><\/span><span class=\"gb-headline-text\">&#8220;Ho partecipato a un corso di Paola alcuni anni fa e devo dire che non smette mai di sorprendermi &#8230; Il programma &#8220;Aligned&#8221; mi ha fatto guardare con occhi nuovi la mia attivit\u00e0. Consiglio vivamente di iscriversi. atutti coloro che vogliono superare gli ostacoli al proprio successo imprenditoriale.&#8221;<\/span><\/p>\n\n\n\n<p class=\"gb-headline gb-headline-2bf80eee gb-headline-text\"><em>\u2013 Ann Flynn &#8211; Product Scout &amp; International Sales<\/em><\/p>\n\n<\/div><\/div>\n<\/div>\n<\/div><\/div>\n\n<div class=\"gb-grid-column gb-grid-column-3c1c345b\"><div class=\"gb-container gb-container-3c1c345b\">\n<div class=\"gb-grid-wrapper gb-grid-wrapper-9bfd6224\">\n<div class=\"gb-grid-column gb-grid-column-93a48789\"><div class=\"gb-container gb-container-93a48789\">\n\n<figure class=\"gb-block-image gb-block-image-52b79665\"><img loading=\"lazy\" decoding=\"async\" width=\"341\" height=\"226\" class=\"gb-image gb-image-52b79665 is-style-rounded\" src=\"https:\/\/thebridgecenter.net\/wp-content\/uploads\/2023\/10\/the-bridge-center-logo-2023-340.jpg\" alt=\"\" title=\"the bridge center_2 - 4\" srcset=\"https:\/\/thebridgecenter.net\/wp-content\/uploads\/2023\/10\/the-bridge-center-logo-2023-340.jpg 341w, https:\/\/thebridgecenter.net\/wp-content\/uploads\/2023\/10\/the-bridge-center-logo-2023-340-300x199.jpg 300w\" sizes=\"auto, (max-width: 341px) 100vw, 341px\" \/><\/figure>\n\n<\/div><\/div>\n\n<div class=\"gb-grid-column gb-grid-column-25a499ee\"><div class=\"gb-container gb-container-25a499ee\">\n\n<p class=\"gb-headline gb-headline-633a7afa\"><span class=\"gb-icon\"><svg xmlns=\"http:\/\/www.w3.org\/2000\/svg\" viewBox=\"0 0 40 28\"><path d=\"M30.6 28c-5.2 0-9.4-4.2-9.4-9.4C21.2 8 25.5 1 25.7.7l.5-.7H33l-.6 2C31.9 3.9 31 7.4 31 8.6v.6c2.4.1 4.6 1.1 6.3 2.8 1.7 1.8 2.7 4.1 2.7 6.6 0 5.2-4.2 9.4-9.4 9.4zM27.9 3.1c-1 2-3.6 7.7-3.6 15.5 0 3.4 2.8 6.2 6.2 6.2s6.2-2.8 6.2-6.2-2.7-6.2-6.1-6.2h-.1c-1.4 0-2-.7-2.4-1.3-.4-.7-.4-1.5-.4-2.4 0-1.2.6-3.7 1-5.5l-.8-.1zm2.7 6.1zM9.4 28C4.2 28 0 23.8 0 18.6 0 8 4.3 1 4.5.7l.4-.7h6.8l-.6 2c-.6 1.9-1.4 5.5-1.4 6.6v.6c2.4.1 4.6 1.1 6.3 2.8 1.7 1.8 2.7 4.1 2.7 6.6 0 5.2-4.2 9.4-9.3 9.4zM6.7 3.1c-1 2-3.6 7.7-3.6 15.5 0 3.4 2.8 6.2 6.2 6.2s6.2-2.8 6.2-6.2-2.7-6.2-6.1-6.2c-1.4 0-2-.7-2.4-1.3-.4-.7-.4-1.5-.4-2.4 0-1.2.6-3.7 1-5.5l-.9-.1zm2.7 6.1z\"><\/path><\/svg><\/span><span class=\"gb-headline-text\">Ho incontrato Paola nel2018  dura nte un cambiamento difficile nel mio lavoro.<\/span><\/p>\n\n\n\n<p>Le sedute di coaching mi hanno aiutato a superare la mia delusione e la paura di non avere prospettive.  Non solo: mi ha dato gli strumenti per superare ostacoli e difficolt\u00e0 nella mia vita. .<\/p>\n\n\n\n<p>Dopo solo 2 mesi di coaching, mi sento sicura di me stessa, una nuova persona sia personalmente che professionalmente. <\/p>\n\n\n\n<p>Grazie!<\/p>\n\n\n\n<p class=\"gb-headline gb-headline-77038bc2 gb-headline-text\"><em>\u2013 Ilaria Cavallin &#8211; Avvocato<\/em><\/p>\n\n<\/div><\/div>\n<\/div>\n<\/div><\/div>\n\n<div class=\"gb-grid-column gb-grid-column-bb348a5c\"><div class=\"gb-container gb-container-bb348a5c\">\n<div class=\"gb-grid-wrapper gb-grid-wrapper-72590300\">\n<div class=\"gb-grid-column gb-grid-column-6f01e4c6\"><div class=\"gb-container gb-container-6f01e4c6\">\n\n<figure class=\"gb-block-image gb-block-image-fff48fcd\"><img loading=\"lazy\" decoding=\"async\" width=\"341\" height=\"226\" class=\"gb-image gb-image-fff48fcd is-style-rounded\" src=\"https:\/\/thebridgecenter.net\/wp-content\/uploads\/2023\/10\/the-bridge-center-logo-2023-340.jpg\" alt=\"\" title=\"the bridge center_2 - 4\" srcset=\"https:\/\/thebridgecenter.net\/wp-content\/uploads\/2023\/10\/the-bridge-center-logo-2023-340.jpg 341w, https:\/\/thebridgecenter.net\/wp-content\/uploads\/2023\/10\/the-bridge-center-logo-2023-340-300x199.jpg 300w\" sizes=\"auto, (max-width: 341px) 100vw, 341px\" \/><\/figure>\n\n<\/div><\/div>\n\n<div class=\"gb-grid-column gb-grid-column-31ac9fdc\"><div class=\"gb-container gb-container-31ac9fdc\">\n\n<p class=\"gb-headline gb-headline-b38b490d\"><span class=\"gb-icon\"><svg viewBox=\"0 0 40 28\" xmlns=\"http:\/\/www.w3.org\/2000\/svg\"><path d=\"M30.6 28c-5.2 0-9.4-4.2-9.4-9.4C21.2 8 25.5 1 25.7.7l.5-.7H33l-.6 2C31.9 3.9 31 7.4 31 8.6v.6c2.4.1 4.6 1.1 6.3 2.8 1.7 1.8 2.7 4.1 2.7 6.6 0 5.2-4.2 9.4-9.4 9.4zM27.9 3.1c-1 2-3.6 7.7-3.6 15.5 0 3.4 2.8 6.2 6.2 6.2s6.2-2.8 6.2-6.2-2.7-6.2-6.1-6.2h-.1c-1.4 0-2-.7-2.4-1.3-.4-.7-.4-1.5-.4-2.4 0-1.2.6-3.7 1-5.5l-.8-.1zm2.7 6.1zM9.4 28C4.2 28 0 23.8 0 18.6 0 8 4.3 1 4.5.7l.4-.7h6.8l-.6 2c-.6 1.9-1.4 5.5-1.4 6.6v.6c2.4.1 4.6 1.1 6.3 2.8 1.7 1.8 2.7 4.1 2.7 6.6 0 5.2-4.2 9.4-9.3 9.4zM6.7 3.1c-1 2-3.6 7.7-3.6 15.5 0 3.4 2.8 6.2 6.2 6.2s6.2-2.8 6.2-6.2-2.7-6.2-6.1-6.2c-1.4 0-2-.7-2.4-1.3-.4-.7-.4-1.5-.4-2.4 0-1.2.6-3.7 1-5.5l-.9-.1zm2.7 6.1z\"><\/path><\/svg><\/span><span class=\"gb-headline-text\">&#8221; Il corso di Paola  &#8220;Aligned: Riequilibria i tuoi chakra per il successo del tuo business&#8221; ha cambiato la mia mentalit\u00e0 e il modo di vedere il mio business. Sono pi\u00f9 consapevole delle mie potenzialit\u00e0 , sono pi\u00f9 sicura di me stessa e ho una visione pi\u00f9 chiara dei miei valori fondamentali , della mia mission e del target a cui mi rivolgo. Il percorso di coaching mi ha fornito gli strumenti che mi mancavano per passare a un altro livello. Sento di voler continuare in questa direzione e sono veramente grata per tutto il tempo, l&#8217;energia e la passione che Paola ha messo in questo corso.&#8221;<\/span><\/p>\n\n\n\n<p class=\"gb-headline gb-headline-3a00a9f7 gb-headline-text\"><em>\u2013 Chiara Ippoliti &#8211; Agente Immobiliare <\/em><\/p>\n\n<\/div><\/div>\n<\/div>\n<\/div><\/div>\n<\/div>\n<\/div>\n<\/div>\n\n<div class=\"gb-container gb-container-ee645fec\">\n<div class=\"gb-container gb-container-d1d7606b\">\n\n<p class=\"gb-headline gb-headline-9a52b05e gb-headline-text\"><strong>ultimi articoli del blog<\/strong><\/p>\n\n<\/div>\n\n<div class=\"gb-container gb-container-e38dc08f\">\n\n<a class=\"gb-button gb-button-f26105ed\" href=\"https:\/\/thebridgecenter.net\/it\/blog-ita\/\"><span class=\"gb-button-text\">visita il blog<br>tutto in inglese<\/span><span class=\"gb-icon\"><svg height=\"15\" width=\"15\" xmlns=\"http:\/\/www.w3.org\/2000\/svg\" fill=\"none\"><path stroke=\"currentColor\" d=\"M13.5 7.5l-4-4m4 4l-4 4m4-4H1\"><\/path><\/svg><\/span><\/a>\n\n<\/div>\n<\/div>","protected":false},"excerpt":{"rendered":"<p>Benvenuti a &#8220;The Bridge Center of Transformation&#8221; Dedicato alle donne con problemi di tiroide per trasformare stanchezza cronica e stress in energia &#8230; <a title=\"The Bridge Center\" class=\"read-more\" href=\"https:\/\/thebridgecenter.net\/it\/\" aria-label=\"Per saperne di pi\u00f9 su The Bridge Center\">Leggi tutto<\/a><\/p>\n","protected":false},"author":1,"featured_media":0,"parent":0,"menu_order":0,"comment_status":"closed","ping_status":"closed","template":"","meta":{"_acf_changed":false,"_gspb_post_css":"","inline_featured_image":false,"footnotes":""},"class_list":["post-4777","page","type-page","status-publish"],"acf":[],"_links":{"self":[{"href":"https:\/\/thebridgecenter.net\/it\/wp-json\/wp\/v2\/pages\/4777","targetHints":{"allow":["GET"]}}],"collection":[{"href":"https:\/\/thebridgecenter.net\/it\/wp-json\/wp\/v2\/pages"}],"about":[{"href":"https:\/\/thebridgecenter.net\/it\/wp-json\/wp\/v2\/types\/page"}],"author":[{"embeddable":true,"href":"https:\/\/thebridgecenter.net\/it\/wp-json\/wp\/v2\/users\/1"}],"replies":[{"embeddable":true,"href":"https:\/\/thebridgecenter.net\/it\/wp-json\/wp\/v2\/comments?post=4777"}],"version-history":[{"count":29,"href":"https:\/\/thebridgecenter.net\/it\/wp-json\/wp\/v2\/pages\/4777\/revisions"}],"predecessor-version":[{"id":5743,"href":"https:\/\/thebridgecenter.net\/it\/wp-json\/wp\/v2\/pages\/4777\/revisions\/5743"}],"wp:attachment":[{"href":"https:\/\/thebridgecenter.net\/it\/wp-json\/wp\/v2\/media?parent=4777"}],"curies":[{"name":"wp","href":"https:\/\/api.w.org\/{rel}","templated":true}]}}