{"id":4883,"date":"2023-12-29T13:40:26","date_gmt":"2023-12-29T12:40:26","guid":{"rendered":"https:\/\/thebridgecenter.net\/?page_id=4883"},"modified":"2024-01-03T12:20:49","modified_gmt":"2024-01-03T11:20:49","slug":"sedute-di-reiki","status":"publish","type":"page","link":"https:\/\/thebridgecenter.net\/it\/sedute-di-reiki\/","title":{"rendered":"Sedute di Reiki"},"content":{"rendered":"\n<p><strong>Le sedute di Reiki si tengono in presenza a Barcellona e a distanza, online.<\/strong><\/p>\n\n\n\n<p>Durante la seduta \u2013 sia in presenza che a distanza &#8211; ti guider\u00f2 per aiutarti a (ri)connetterti con l&#8217;Energia Vitale Universale per raggiungere <strong>equilibio e armonia per tutto il tuo essere<\/strong> (corpo, mente, emozioni e spirito), <strong>riducendo cos\u00ec lo stress e favorendo il benessere<\/strong>. <\/p>\n\n\n\n<p>Seguendo la mia intuizione e guida spirituale, potrei integrare la seduta di Reiki con tecniche di <strong>visualizzazione<\/strong>, <strong>viaggio sciamanico,<\/strong> <strong>cristalli <\/strong>o a<strong>ltre tecniche energetiche<\/strong>.<strong>\u00a0\u00a0<\/strong><\/p>\n\n\n\n<p>Vieni alla sedute con la mente aperta, godi l&#8217;esperienza e <strong>preparati a ricevere<\/strong> (questa \u00e8 spesso la parte pi\u00f9 difficile) <strong>per il tuo pi\u00f9 grande bene e per il bene pi\u00f9 grande per tutti.<\/strong> <\/p>\n\n\n\n<p class=\"has-text-align-center\"><strong>Sessioni individuali di 60 minuti<\/strong><\/p>\n\n\n\n<p class=\"has-text-align-center\"><strong>\u20ac 55 (\u20ac 45 fino al 31 gennaio)<\/strong><\/p>\n\n\n\n<p class=\"has-text-align-center\"><strong>(IVA inclusa, ove applicabile)<\/strong><\/p>\n\n\n\n<p><\/p>\n\n\n\n<h2 class=\"wp-block-heading has-text-align-center\" id=\"gspb_heading-id-gsbp-60b4378\">Chi \u00e9 Paola<\/h2>\n\n\n<div class=\"gb-container gb-container-537b2953\">\n\n<figure class=\"gb-block-image gb-block-image-5619599f\"><img loading=\"lazy\" decoding=\"async\" width=\"512\" height=\"512\" class=\"gb-image gb-image-5619599f\" src=\"https:\/\/thebridgecenter.net\/wp-content\/uploads\/2023\/12\/rsz_paola_profile_2023.jpeg\" alt=\"\" title=\"rsz_paola_profile_2023\" srcset=\"https:\/\/thebridgecenter.net\/wp-content\/uploads\/2023\/12\/rsz_paola_profile_2023.jpeg 512w, https:\/\/thebridgecenter.net\/wp-content\/uploads\/2023\/12\/rsz_paola_profile_2023-300x300.jpeg 300w, https:\/\/thebridgecenter.net\/wp-content\/uploads\/2023\/12\/rsz_paola_profile_2023-150x150.jpeg 150w, https:\/\/thebridgecenter.net\/wp-content\/uploads\/2023\/12\/rsz_paola_profile_2023-400x400.jpeg 400w, https:\/\/thebridgecenter.net\/wp-content\/uploads\/2023\/12\/rsz_paola_profile_2023-100x100.jpeg 100w\" sizes=\"auto, (max-width: 512px) 100vw, 512px\" \/><\/figure>\n\n<\/div>\n\n\n<p><\/p>\n\n\n\n<p>Piacere di conoscerti! Sono, Paola Devescovi<strong>, Coach Transformazionale<\/strong>\u00a0e\u00a0<strong>Integrative Health Coach certificata, Reiki Master &amp; Breathwork Coach e imprenditrice digitale con molte passioni<\/strong>.\u00a0\u00a0<em>Studio la vita, l&#8217;essere umano, il successo, il business, il denaro, la sincronicit\u00e0, la natura ultima della nostra realt\u00e0, manifestazione. eintuizione, energia e la mente. <\/em><\/p>\n\n\n\n<p>Tutto ci\u00f2 che ho imparato  \u2013 e che continuo a imparare \u2013 fa parte del mio \u00a0<strong>approccio bioindividuale<\/strong>\u00a0al coaching e al l&#8217;insegnamento di\u00a0<strong>Reiki<\/strong>,\u00a0medicina energetica\u00a0e tecniche\u00a0<strong>mente-corpo\u00a0<\/strong>che combino con\u00a0<strong>scienza<\/strong>,\u00a0<strong>strategia\u00a0<\/strong>e\u00a0<strong>antiche tradizioni\u00a0<\/strong>per aiutare le mie clienti a raggiungere i risultati desiderati. Quello che insegno \u00e8 il risultato delle mie esperienze personali e sono gli stessi principi che applico nella mia vita. <\/p>\n\n\n\n<div class=\"gspb_button_wrapper gspb_button-id-gsbp-c586026\" id=\"gspb_button-id-gsbp-c586026\"><a class=\"wp-block-greenshift-blocks-buttonbox gspb-buttonbox wp-element-button\" href=\"https:\/\/calendly.com\/thebridgecenter\/reiki-session\" rel=\"noopener\"><span class=\"gspb-buttonbox-textwrap\"><span class=\"gspb-buttonbox-text\"><span class=\"gspb-buttonbox-title\">Prenota sessione in presenza<\/span><\/span><\/span><\/a><\/div>\n\n\n\n<div class=\"gspb_button_wrapper gspb_button-id-gsbp-b56005e\" id=\"gspb_button-id-gsbp-b56005e\"><a class=\"wp-block-greenshift-blocks-buttonbox gspb-buttonbox wp-element-button\" href=\"https:\/\/calendly.com\/thebridgecenter\/reiki-session-online\" rel=\"noopener\"><span class=\"gspb-buttonbox-textwrap\"><span class=\"gspb-buttonbox-text\"><span class=\"gspb-buttonbox-title\">Prenota sessione online<\/span><\/span><\/span><\/a><\/div>\n","protected":false},"excerpt":{"rendered":"<p>Le sedute di Reiki si tengono in presenza a Barcellona e a distanza, online. Durante la seduta \u2013 sia in presenza che &#8230; <a title=\"Sedute di Reiki\" class=\"read-more\" href=\"https:\/\/thebridgecenter.net\/it\/sedute-di-reiki\/\" aria-label=\"Per saperne di pi\u00f9 su Sedute di Reiki\">Leggi tutto<\/a><\/p>\n","protected":false},"author":2,"featured_media":0,"parent":0,"menu_order":0,"comment_status":"closed","ping_status":"closed","template":"","meta":{"_acf_changed":false,"_gspb_post_css":"#gspb_heading-id-gsbp-60b4378,#gspb_heading-id-gsbp-60b4378 .gsap-g-line{text-align:center!important}#gspb_heading-id-gsbp-60b4378{color:#9e910a}#gspb_button-id-gsbp-1b08132 .gspb-buttonbox-text{display:flex;flex-direction:column}#gspb_button-id-gsbp-1b08132>.gspb-buttonbox{box-sizing:border-box;margin-top:0;padding:0;background-color:var(--wp--preset--color--accent, var(--accent));width:197px;text-align:center!important}#gspb_button-id-gsbp-0beff50,#gspb_button-id-gsbp-1b08132{display:flex;justify-content:center}#gspb_button-id-gsbp-0beff50 .gspb-buttonbox-text{display:flex;flex-direction:column}#gspb_button-id-gsbp-0beff50>.gspb-buttonbox{box-sizing:border-box;padding:0;background-color:var(--wp--preset--color--accent, var(--accent));width:185px;text-align:center!important}#gspb_button-id-gsbp-0beff50>.gspb-buttonbox .gsap-g-line,#gspb_button-id-gsbp-1b08132>.gspb-buttonbox .gsap-g-line{text-align:center!important}","inline_featured_image":false,"footnotes":""},"class_list":["post-4883","page","type-page","status-publish"],"acf":[],"_links":{"self":[{"href":"https:\/\/thebridgecenter.net\/it\/wp-json\/wp\/v2\/pages\/4883","targetHints":{"allow":["GET"]}}],"collection":[{"href":"https:\/\/thebridgecenter.net\/it\/wp-json\/wp\/v2\/pages"}],"about":[{"href":"https:\/\/thebridgecenter.net\/it\/wp-json\/wp\/v2\/types\/page"}],"author":[{"embeddable":true,"href":"https:\/\/thebridgecenter.net\/it\/wp-json\/wp\/v2\/users\/2"}],"replies":[{"embeddable":true,"href":"https:\/\/thebridgecenter.net\/it\/wp-json\/wp\/v2\/comments?post=4883"}],"version-history":[{"count":1,"href":"https:\/\/thebridgecenter.net\/it\/wp-json\/wp\/v2\/pages\/4883\/revisions"}],"predecessor-version":[{"id":4884,"href":"https:\/\/thebridgecenter.net\/it\/wp-json\/wp\/v2\/pages\/4883\/revisions\/4884"}],"wp:attachment":[{"href":"https:\/\/thebridgecenter.net\/it\/wp-json\/wp\/v2\/media?parent=4883"}],"curies":[{"name":"wp","href":"https:\/\/api.w.org\/{rel}","templated":true}]}}