{"id":4910,"date":"2023-11-21T09:14:59","date_gmt":"2023-11-21T08:14:59","guid":{"rendered":"https:\/\/thebridgecenter.net\/?page_id=4910"},"modified":"2025-07-30T18:11:13","modified_gmt":"2025-07-30T16:11:13","slug":"workshop","status":"publish","type":"page","link":"https:\/\/thebridgecenter.net\/it\/vendita\/workshop\/","title":{"rendered":"Workshop"},"content":{"rendered":"<div class=\"gb-container gb-container-92aadfdf\" id=\"workshop1\">\n<div class=\"gb-container gb-container-ba5ed7ad\">\n<div class=\"gb-grid-wrapper gb-grid-wrapper-8b521afe\">\n<div class=\"gb-grid-column gb-grid-column-d3ef9676\"><div class=\"gb-container gb-container-d3ef9676\">\n\n<figure class=\"gb-block-image gb-block-image-b4eb5fc8\"><img loading=\"lazy\" decoding=\"async\" width=\"501\" height=\"183\" class=\"gb-image gb-image-b4eb5fc8\" src=\"https:\/\/thebridgecenter.net\/wp-content\/uploads\/2023\/11\/reconnect-resized-500.jpg\" alt=\"\" title=\"reconnect-resized-500\" srcset=\"https:\/\/thebridgecenter.net\/wp-content\/uploads\/2023\/11\/reconnect-resized-500.jpg 501w, https:\/\/thebridgecenter.net\/wp-content\/uploads\/2023\/11\/reconnect-resized-500-300x110.jpg 300w\" sizes=\"auto, (max-width: 501px) 100vw, 501px\" \/><\/figure>\n\n<\/div><\/div>\n\n<div class=\"gb-grid-column gb-grid-column-847c2e69\"><div class=\"gb-container gb-container-847c2e69\">\n\n<h1 class=\"gb-headline gb-headline-c579e495\"><span class=\"gb-icon\"><svg aria-hidden=\"true\" role=\"img\" height=\"1em\" width=\"1em\" viewBox=\"0 0 512 512\" xmlns=\"http:\/\/www.w3.org\/2000\/svg\"><path fill=\"currentColor\" d=\"M256 8C119 8 8 119 8 256s111 248 248 248 248-111 248-248S393 8 256 8z\"><\/path><\/svg><\/span><span class=\"gb-headline-text\"><strong>Riconnettiti con il tuo corpo e la tua anima<\/strong><\/span><\/h1>\n\n\n\n<h3 class=\"gb-headline gb-headline-8b54f76d gb-headline-text\">Tecniche che puoi utilizzare quotidianamente per ricevere saggezza dal tuo corpo e dalla tua anima.<\/h3>\n\n\n\n<p>Questo workshop ti aiuter\u00e0 a ricreare questa connessione con il tuo corpo e la tua anima. Quando questa connessione viene stabilita e operativa, siamo radicati e allineati e, di conseguenza, pi\u00f9 concentrati, pi\u00f9 energici e meno stressati. Abbiamo pi\u00f9 chiarezza e prendiamo decisioni migliori. La vita scorre pi\u00f9 facilmente, le questioni vengono affrontate in modo pi\u00f9 positivo. Dormiamo meglio e abbiamo un atteggiamento pi\u00f9 positivo. Clicca qui per maggiori informazioni e acquisto<\/p>\n\n\n\n<p>Price: \u20ac 35 (VAT included, where applicable)<\/p>\n\n<\/div><\/div>\n<\/div>\n<\/div>\n<div class=\"gb-shapes\"><div class=\"gb-shape gb-shape-1\"><svg xmlns=\"http:\/\/www.w3.org\/2000\/svg\" viewBox=\"0 0 1200 131\" preserveAspectRatio=\"none\"><path d=\"M1200 131H0V40l154.8 50L410 35l277 69L899 0l301 110z\"\/><\/svg><\/div><\/div><\/div>\n\n<div class=\"gb-container gb-container-301fdaa8\"><\/div>\n\n<div class=\"gb-container gb-container-47c4bf84\">\n<div class=\"gb-container gb-container-6453c58d\"><\/div>\n<\/div>","protected":false},"excerpt":{"rendered":"","protected":false},"author":1,"featured_media":0,"parent":4903,"menu_order":0,"comment_status":"closed","ping_status":"closed","template":"","meta":{"_acf_changed":false,"_gspb_post_css":"","inline_featured_image":false,"footnotes":""},"class_list":["post-4910","page","type-page","status-publish"],"acf":[],"_links":{"self":[{"href":"https:\/\/thebridgecenter.net\/it\/wp-json\/wp\/v2\/pages\/4910","targetHints":{"allow":["GET"]}}],"collection":[{"href":"https:\/\/thebridgecenter.net\/it\/wp-json\/wp\/v2\/pages"}],"about":[{"href":"https:\/\/thebridgecenter.net\/it\/wp-json\/wp\/v2\/types\/page"}],"author":[{"embeddable":true,"href":"https:\/\/thebridgecenter.net\/it\/wp-json\/wp\/v2\/users\/1"}],"replies":[{"embeddable":true,"href":"https:\/\/thebridgecenter.net\/it\/wp-json\/wp\/v2\/comments?post=4910"}],"version-history":[{"count":2,"href":"https:\/\/thebridgecenter.net\/it\/wp-json\/wp\/v2\/pages\/4910\/revisions"}],"predecessor-version":[{"id":5230,"href":"https:\/\/thebridgecenter.net\/it\/wp-json\/wp\/v2\/pages\/4910\/revisions\/5230"}],"up":[{"embeddable":true,"href":"https:\/\/thebridgecenter.net\/it\/wp-json\/wp\/v2\/pages\/4903"}],"wp:attachment":[{"href":"https:\/\/thebridgecenter.net\/it\/wp-json\/wp\/v2\/media?parent=4910"}],"curies":[{"name":"wp","href":"https:\/\/api.w.org\/{rel}","templated":true}]}}